{"id":11817,"date":"2023-05-30T17:17:18","date_gmt":"2023-05-30T17:17:18","guid":{"rendered":"https:\/\/commparlimage.ca\/garage\/herazz\/?product=tapis-pour-glass-media-mat-de-tim-holtz-23x135"},"modified":"2024-03-27T13:23:42","modified_gmt":"2024-03-27T17:23:42","slug":"tapis-pour-glass-media-mat-de-tim-holtz-23-x13-5","status":"publish","type":"product","link":"https:\/\/www.galerie-scrapbooking.com\/en\/produit\/tapis-pour-glass-media-mat-de-tim-holtz-23-x13-5\/","title":{"rendered":"Tapis pour Glass m\u00e9dia mat de Tim Holtz 23&#8243;X13.5&#8243;"},"content":{"rendered":"<p>Le tapis de surface multim\u00e9dia Tim Holtz\u00ae est le tapis r\u00e9sistant \u00e0 la chaleur et facile \u00e0 nettoyer parfait pour les artisans cr\u00e9atifs de m\u00e9dias mixtes!<\/p>\n<p>Con\u00e7u pour s&#8217;adapter parfaitement \u00e0 votre tapis multim\u00e9dia en verre Tim Holtz\u00ae, le tapis de surface multim\u00e9dia est livr\u00e9 avec une base antid\u00e9rapante et des coins renforc\u00e9s cousus et lest\u00e9s pour \u00e9viter tout roulement ind\u00e9sirable. la qualit\u00e9 in\u00e9gal\u00e9e et la conception innovante des outils Tim Holtz\u00ae, propos\u00e9s en collaboration avec l&#8217;expertise en ing\u00e9nierie de Tonic Studios.<\/p>\n<p>Ce tapis est dot\u00e9 de coins renforc\u00e9s cousus, d&#8217;une surface sup\u00e9rieure r\u00e9sistante \u00e0 la chaleur, d&#8217;une surface de base antid\u00e9rapante et d&#8217;un tapis antiadh\u00e9sif robuste. Con\u00e7u pour \u00eatre utilis\u00e9 avec le tapis en verre Tim Holtz\u00ae &#8211; 13,5 x 23 pouces.<\/p>\n<p>Ce paquet contient un tapis de surface m\u00e9dia Tim Holtz\u00ae 23&#215;13,5 pouces<\/p>\n<p>Voici une vid\u00e9o de d\u00e9monstration de Tim Holtz:<\/p>\n<p><iframe loading=\"lazy\" title=\"YouTube video player\" src=\"https:\/\/www.youtube.com\/embed\/vJcpldYMnhY\" width=\"560\" height=\"315\" frameborder=\"0\" allowfullscreen=\"allowfullscreen\"><\/iframe><\/p>\n","protected":false},"excerpt":{"rendered":"<p>Tim Holtz Media Surface Mat 23&#8243;X13.5&#8243;<\/p>\n","protected":false},"featured_media":11818,"template":"","meta":{"_acf_changed":false},"product_brand":[],"product_cat":[386],"product_tag":[],"class_list":{"0":"post-11817","1":"product","2":"type-product","3":"status-publish","4":"has-post-thumbnail","6":"product_cat-tim-holtz-ranger","7":"pa_brand_nc-tim-holtz","9":"first","10":"instock","11":"taxable","12":"shipping-taxable","13":"purchasable","14":"product-type-simple"},"acf":[],"aioseo_notices":[],"_links":{"self":[{"href":"https:\/\/www.galerie-scrapbooking.com\/en\/wp-json\/wp\/v2\/product\/11817","targetHints":{"allow":["GET"]}}],"collection":[{"href":"https:\/\/www.galerie-scrapbooking.com\/en\/wp-json\/wp\/v2\/product"}],"about":[{"href":"https:\/\/www.galerie-scrapbooking.com\/en\/wp-json\/wp\/v2\/types\/product"}],"wp:featuredmedia":[{"embeddable":true,"href":"https:\/\/www.galerie-scrapbooking.com\/en\/wp-json\/wp\/v2\/media\/11818"}],"wp:attachment":[{"href":"https:\/\/www.galerie-scrapbooking.com\/en\/wp-json\/wp\/v2\/media?parent=11817"}],"wp:term":[{"taxonomy":"product_brand","embeddable":true,"href":"https:\/\/www.galerie-scrapbooking.com\/en\/wp-json\/wp\/v2\/product_brand?post=11817"},{"taxonomy":"product_cat","embeddable":true,"href":"https:\/\/www.galerie-scrapbooking.com\/en\/wp-json\/wp\/v2\/product_cat?post=11817"},{"taxonomy":"product_tag","embeddable":true,"href":"https:\/\/www.galerie-scrapbooking.com\/en\/wp-json\/wp\/v2\/product_tag?post=11817"}],"curies":[{"name":"wp","href":"https:\/\/api.w.org\/{rel}","templated":true}]}}