{"id":11811,"date":"2023-05-15T19:05:27","date_gmt":"2023-05-15T19:05:27","guid":{"rendered":"https:\/\/commparlimage.ca\/garage\/herazz\/?product=craft-consortium-pad-6x6-gouttes-dencre-ete-retro"},"modified":"2025-06-12T19:26:52","modified_gmt":"2025-06-12T23:26:52","slug":"craft-consortium-pad-6-x6-gouttes-d-encre-ete-retro","status":"publish","type":"product","link":"https:\/\/www.galerie-scrapbooking.com\/en\/produit\/craft-consortium-pad-6-x6-gouttes-d-encre-ete-retro\/","title":{"rendered":"Craft Consortium Pad 6&#8243;X6&#8243; Gouttes d&#8217;encre &#8211; \u00c9t\u00e9 r\u00e9tro"},"content":{"rendered":"<p>Le compl&eacute;ment parfait &agrave; tous vos projets d&#8217;artisanat en papier !<\/p>\n<p>Ce bloc contient 40 feuilles recto-verso de 6 x 6 pouces dans 20 mod&egrave;les diff&eacute;rents (deux de chaque mod&egrave;le)<\/p>\n","protected":false},"excerpt":{"rendered":"<p>Craft Consortium Double-Sided Paper Pad 6&#8243;X6&#8243; 40\/Pkg &#8211; Retro Summer<\/p>\n","protected":false},"featured_media":11812,"template":"","meta":{"_acf_changed":false},"product_brand":[],"product_cat":[136,187],"product_tag":[],"class_list":{"0":"post-11811","1":"product","2":"type-product","3":"status-publish","4":"has-post-thumbnail","6":"product_cat-papier-craft-consortium","7":"product_cat-papiers-scrapbooking-6x6","8":"pa_brand_nc-craft-consortium","10":"first","11":"instock","12":"taxable","13":"shipping-taxable","14":"purchasable","15":"product-type-simple"},"acf":[],"aioseo_notices":[],"_links":{"self":[{"href":"https:\/\/www.galerie-scrapbooking.com\/en\/wp-json\/wp\/v2\/product\/11811","targetHints":{"allow":["GET"]}}],"collection":[{"href":"https:\/\/www.galerie-scrapbooking.com\/en\/wp-json\/wp\/v2\/product"}],"about":[{"href":"https:\/\/www.galerie-scrapbooking.com\/en\/wp-json\/wp\/v2\/types\/product"}],"wp:featuredmedia":[{"embeddable":true,"href":"https:\/\/www.galerie-scrapbooking.com\/en\/wp-json\/wp\/v2\/media\/11812"}],"wp:attachment":[{"href":"https:\/\/www.galerie-scrapbooking.com\/en\/wp-json\/wp\/v2\/media?parent=11811"}],"wp:term":[{"taxonomy":"product_brand","embeddable":true,"href":"https:\/\/www.galerie-scrapbooking.com\/en\/wp-json\/wp\/v2\/product_brand?post=11811"},{"taxonomy":"product_cat","embeddable":true,"href":"https:\/\/www.galerie-scrapbooking.com\/en\/wp-json\/wp\/v2\/product_cat?post=11811"},{"taxonomy":"product_tag","embeddable":true,"href":"https:\/\/www.galerie-scrapbooking.com\/en\/wp-json\/wp\/v2\/product_tag?post=11811"}],"curies":[{"name":"wp","href":"https:\/\/api.w.org\/{rel}","templated":true}]}}