{"id":11802,"date":"2023-05-15T18:37:02","date_gmt":"2023-05-15T18:37:02","guid":{"rendered":"https:\/\/commparlimage.ca\/garage\/herazz\/?product=tonic-studios-die-set-le-marie"},"modified":"2024-01-09T14:32:18","modified_gmt":"2024-01-09T19:32:18","slug":"tonic-studios-die-set-le-marie","status":"publish","type":"product","link":"https:\/\/www.galerie-scrapbooking.com\/en\/produit\/tonic-studios-die-set-le-marie\/","title":{"rendered":"Tonic Studios Die Set &#8211; Le Mari\u00e9"},"content":{"rendered":"<p>Ajoutez l&#8217;\u00e9l\u00e9ment d\u00e9coup\u00e9 parfait \u00e0 chaque carte ou projet d&#8217;artisanat avec les matrices de d\u00e9coupe Tonic Studios ! .<\/p>\n<p>Ce paquet contient 1 matrice.<\/p>\n<p>La plus grande mesurant\u00a02.3 x 4.25 pouces.<\/p>\n","protected":false},"excerpt":{"rendered":"<p>Tonic Studios Die Set &#8211; Gallant Groom<\/p>\n","protected":false},"featured_media":11803,"template":"","meta":{"_acf_changed":false},"product_brand":[],"product_cat":[182],"product_tag":[],"class_list":{"0":"post-11802","1":"product","2":"type-product","3":"status-publish","4":"has-post-thumbnail","6":"product_cat-decoupes-autres-scrapbooking","7":"pa_brand_nc-tonic-studios","9":"first","10":"instock","11":"taxable","12":"shipping-taxable","13":"purchasable","14":"product-type-simple"},"acf":[],"aioseo_notices":[],"_links":{"self":[{"href":"https:\/\/www.galerie-scrapbooking.com\/en\/wp-json\/wp\/v2\/product\/11802","targetHints":{"allow":["GET"]}}],"collection":[{"href":"https:\/\/www.galerie-scrapbooking.com\/en\/wp-json\/wp\/v2\/product"}],"about":[{"href":"https:\/\/www.galerie-scrapbooking.com\/en\/wp-json\/wp\/v2\/types\/product"}],"wp:featuredmedia":[{"embeddable":true,"href":"https:\/\/www.galerie-scrapbooking.com\/en\/wp-json\/wp\/v2\/media\/11803"}],"wp:attachment":[{"href":"https:\/\/www.galerie-scrapbooking.com\/en\/wp-json\/wp\/v2\/media?parent=11802"}],"wp:term":[{"taxonomy":"product_brand","embeddable":true,"href":"https:\/\/www.galerie-scrapbooking.com\/en\/wp-json\/wp\/v2\/product_brand?post=11802"},{"taxonomy":"product_cat","embeddable":true,"href":"https:\/\/www.galerie-scrapbooking.com\/en\/wp-json\/wp\/v2\/product_cat?post=11802"},{"taxonomy":"product_tag","embeddable":true,"href":"https:\/\/www.galerie-scrapbooking.com\/en\/wp-json\/wp\/v2\/product_tag?post=11802"}],"curies":[{"name":"wp","href":"https:\/\/api.w.org\/{rel}","templated":true}]}}