{"id":11792,"date":"2023-05-15T18:18:54","date_gmt":"2023-05-15T18:18:54","guid":{"rendered":"https:\/\/commparlimage.ca\/garage\/herazz\/?product=tim-holtz-coupe-papier-rotatif"},"modified":"2024-07-18T13:45:39","modified_gmt":"2024-07-18T17:45:39","slug":"tim-holtz-coupe-papier-rotatif","status":"publish","type":"product","link":"https:\/\/www.galerie-scrapbooking.com\/en\/produit\/tim-holtz-coupe-papier-rotatif\/","title":{"rendered":"Tim Holtz Coupe-papier rotatif"},"content":{"rendered":"<p>Le tout nouveau coupe-papier rotatif Tim Holtz\u00ae !<\/p>\n<p>Dot\u00e9e d&#8217;une lame de coupe rotative \u00e0 engrenages elle coupe sans effort une gamme de supports d&#8217;artisanat. Le massicot propose des r\u00e8gles imp\u00e9riales et m\u00e9triques, ainsi qu&#8217;une base quadrill\u00e9e pratique de 0,25 pouce avec des formats de papier populaires pour une utilisation facile.<\/p>\n<p>Avec une base compacte qui a une longueur de coupe de 12,5 pouces\/31,5 cm et des bras extensibles qui peuvent l&#8217;\u00e9tendre jusqu&#8217;\u00e0 12 pouces\/30,5 cm, .<\/p>\n<p>Non seulement le coupe-papier rotatif Tim Holtz\u00ae est hautement con\u00e7u et durable, mais il peut \u00e9galement couper \u00e0 travers divers substrats, y compris : panneaux de particules r\u00e9sistants (jusqu&#8217;\u00e0 0,05 pouce d&#8217;\u00e9paisseur), papier cartonn\u00e9 \u00e9pais (jusqu&#8217;\u00e0 130#\/350GSM), surfaces synth\u00e9tiques (Yupo , ac\u00e9tate), et v\u00e9lin l\u00e9ger avec facilit\u00e9<\/p>\n<p>Vid\u00e9o de d\u00e9monstration de Tim Holtz:<\/p>\n<p><iframe loading=\"lazy\" title=\"YouTube video player\" src=\"https:\/\/www.youtube.com\/embed\/ro0S-IoFIRM\" width=\"560\" height=\"315\" frameborder=\"0\" allowfullscreen=\"allowfullscreen\"><\/iframe><\/p>\n","protected":false},"excerpt":{"rendered":"<p>Tim Holtz Rotary Media Trimmer<\/p>\n","protected":false},"featured_media":11793,"template":"","meta":{"_acf_changed":false},"product_brand":[],"product_cat":[131,386],"product_tag":[],"class_list":{"0":"post-11792","1":"product","2":"type-product","3":"status-publish","4":"has-post-thumbnail","6":"product_cat-outils-de-coupe-scrapbooking","7":"product_cat-tim-holtz-ranger","8":"pa_brand_nc-tim-holtz","10":"first","11":"instock","12":"taxable","13":"shipping-taxable","14":"purchasable","15":"product-type-simple"},"acf":[],"aioseo_notices":[],"_links":{"self":[{"href":"https:\/\/www.galerie-scrapbooking.com\/en\/wp-json\/wp\/v2\/product\/11792","targetHints":{"allow":["GET"]}}],"collection":[{"href":"https:\/\/www.galerie-scrapbooking.com\/en\/wp-json\/wp\/v2\/product"}],"about":[{"href":"https:\/\/www.galerie-scrapbooking.com\/en\/wp-json\/wp\/v2\/types\/product"}],"wp:featuredmedia":[{"embeddable":true,"href":"https:\/\/www.galerie-scrapbooking.com\/en\/wp-json\/wp\/v2\/media\/11793"}],"wp:attachment":[{"href":"https:\/\/www.galerie-scrapbooking.com\/en\/wp-json\/wp\/v2\/media?parent=11792"}],"wp:term":[{"taxonomy":"product_brand","embeddable":true,"href":"https:\/\/www.galerie-scrapbooking.com\/en\/wp-json\/wp\/v2\/product_brand?post=11792"},{"taxonomy":"product_cat","embeddable":true,"href":"https:\/\/www.galerie-scrapbooking.com\/en\/wp-json\/wp\/v2\/product_cat?post=11792"},{"taxonomy":"product_tag","embeddable":true,"href":"https:\/\/www.galerie-scrapbooking.com\/en\/wp-json\/wp\/v2\/product_tag?post=11792"}],"curies":[{"name":"wp","href":"https:\/\/api.w.org\/{rel}","templated":true}]}}