{"id":11765,"date":"2023-05-03T17:43:06","date_gmt":"2023-05-03T17:43:06","guid":{"rendered":"https:\/\/commparlimage.ca\/garage\/herazz\/?product=karen-burniston-dies-sundae-a-la-creme-glacee-pop-up"},"modified":"2024-03-25T11:14:32","modified_gmt":"2024-03-25T15:14:32","slug":"karen-burniston-dies-sundae-a-la-creme-glacee-pop-up","status":"publish","type":"product","link":"https:\/\/www.galerie-scrapbooking.com\/en\/produit\/karen-burniston-dies-sundae-a-la-creme-glacee-pop-up\/","title":{"rendered":"Karen Burniston Dies Sundae \u00e0 la cr\u00e8me glac\u00e9e Pop-Up"},"content":{"rendered":"<p>Matrices de d&eacute;coupes de Karen Burniston.<\/p>\n<p>Fonctionnent avec la Cuttlebug, Sizzix Big Shot, Grand Calibur, Platinum, Etc.<\/p>\n<p>Nos matrices d&#8217;artisanat en m&eacute;tal ultra-fines sont compatibles avec la plupart des principales machines de d&eacute;coupe. Riches en valeur, ces ensembles de matrices innovants et avant-gardistes propulseront votre fabrication de papier vers de nouveaux sommets.<\/p>\n<p>9 matrices par paquet<\/p>\n<p>&nbsp;<\/p>\n<p>Vid\u00e9o de d\u00e9monstration, tutoriel:<\/p>\n<p><iframe loading=\"lazy\" width=\"560\" height=\"315\" src=\"https:\/\/www.youtube.com\/embed\/TTy69Qyvfx0\" title=\"YouTube video player\" frameborder=\"0\" allow=\"accelerometer; autoplay; clipboard-write; encrypted-media; gyroscope; picture-in-picture; web-share\" allowfullscreen><\/iframe><\/p>\n","protected":false},"excerpt":{"rendered":"<p>Karen Burniston Dies &#8211;  Ice Cream Sundae Pop-Up<\/p>\n","protected":false},"featured_media":11766,"template":"","meta":{"_acf_changed":false},"product_brand":[],"product_cat":[351],"product_tag":[],"class_list":{"0":"post-11765","1":"product","2":"type-product","3":"status-publish","4":"has-post-thumbnail","6":"product_cat-karen-burniston-dies-matrices-decoupes","7":"pa_brand_nc-karen-burniston","9":"first","10":"instock","11":"taxable","12":"shipping-taxable","13":"purchasable","14":"product-type-simple"},"acf":[],"aioseo_notices":[],"_links":{"self":[{"href":"https:\/\/www.galerie-scrapbooking.com\/en\/wp-json\/wp\/v2\/product\/11765","targetHints":{"allow":["GET"]}}],"collection":[{"href":"https:\/\/www.galerie-scrapbooking.com\/en\/wp-json\/wp\/v2\/product"}],"about":[{"href":"https:\/\/www.galerie-scrapbooking.com\/en\/wp-json\/wp\/v2\/types\/product"}],"wp:featuredmedia":[{"embeddable":true,"href":"https:\/\/www.galerie-scrapbooking.com\/en\/wp-json\/wp\/v2\/media\/11766"}],"wp:attachment":[{"href":"https:\/\/www.galerie-scrapbooking.com\/en\/wp-json\/wp\/v2\/media?parent=11765"}],"wp:term":[{"taxonomy":"product_brand","embeddable":true,"href":"https:\/\/www.galerie-scrapbooking.com\/en\/wp-json\/wp\/v2\/product_brand?post=11765"},{"taxonomy":"product_cat","embeddable":true,"href":"https:\/\/www.galerie-scrapbooking.com\/en\/wp-json\/wp\/v2\/product_cat?post=11765"},{"taxonomy":"product_tag","embeddable":true,"href":"https:\/\/www.galerie-scrapbooking.com\/en\/wp-json\/wp\/v2\/product_tag?post=11765"}],"curies":[{"name":"wp","href":"https:\/\/api.w.org\/{rel}","templated":true}]}}