{"id":11661,"date":"2023-04-03T19:56:40","date_gmt":"2023-04-03T19:56:40","guid":{"rendered":"https:\/\/commparlimage.ca\/garage\/herazz\/?product=lavinia-etampe-algue"},"modified":"2025-03-11T10:19:25","modified_gmt":"2025-03-11T14:19:25","slug":"lavinia-etampe-algue","status":"publish","type":"product","link":"https:\/\/www.galerie-scrapbooking.com\/en\/produit\/lavinia-etampe-algue\/","title":{"rendered":"Lavinia \u00c9tampe Algue"},"content":{"rendered":"<p>Deux \u00e9tampes de silhouette d&#8217;algues.<\/p>\n<p>Ces \u00e9tampes aux formes irr\u00e9guli\u00e8res et ondul\u00e9es sont parfaites pour cr\u00e9er de la profondeur en tamponnant plusieurs fois.<\/p>\n<p>Ajoutez-les \u00e0 votre sc\u00e8ne sous-marine.<\/p>\n<p>N\u00e9cessite l&#8217;utilisation d&#8217;un bloc acrylique.<\/p>\n<p>Dimension approximative:<\/p>\n<p>9.6 x 1.1 &#8211; 7.0 x 1.2 cm.<\/p>\n","protected":false},"excerpt":{"rendered":"<p>Lavinia Stamp &#8211; Seaweed<\/p>\n","protected":false},"featured_media":11662,"template":"","meta":{"_acf_changed":false},"product_brand":[],"product_cat":[423,342],"product_tag":[],"class_list":{"0":"post-11661","1":"product","2":"type-product","3":"status-publish","4":"has-post-thumbnail","6":"product_cat-fleurs-feuillage","7":"product_cat-etampes-lavinia","8":"pa_brand_nc-lavinia","10":"first","11":"instock","12":"taxable","13":"shipping-taxable","14":"purchasable","15":"product-type-simple"},"acf":[],"aioseo_notices":[],"_links":{"self":[{"href":"https:\/\/www.galerie-scrapbooking.com\/en\/wp-json\/wp\/v2\/product\/11661","targetHints":{"allow":["GET"]}}],"collection":[{"href":"https:\/\/www.galerie-scrapbooking.com\/en\/wp-json\/wp\/v2\/product"}],"about":[{"href":"https:\/\/www.galerie-scrapbooking.com\/en\/wp-json\/wp\/v2\/types\/product"}],"wp:featuredmedia":[{"embeddable":true,"href":"https:\/\/www.galerie-scrapbooking.com\/en\/wp-json\/wp\/v2\/media\/11662"}],"wp:attachment":[{"href":"https:\/\/www.galerie-scrapbooking.com\/en\/wp-json\/wp\/v2\/media?parent=11661"}],"wp:term":[{"taxonomy":"product_brand","embeddable":true,"href":"https:\/\/www.galerie-scrapbooking.com\/en\/wp-json\/wp\/v2\/product_brand?post=11661"},{"taxonomy":"product_cat","embeddable":true,"href":"https:\/\/www.galerie-scrapbooking.com\/en\/wp-json\/wp\/v2\/product_cat?post=11661"},{"taxonomy":"product_tag","embeddable":true,"href":"https:\/\/www.galerie-scrapbooking.com\/en\/wp-json\/wp\/v2\/product_tag?post=11661"}],"curies":[{"name":"wp","href":"https:\/\/api.w.org\/{rel}","templated":true}]}}