{"id":11634,"date":"2023-03-14T20:02:12","date_gmt":"2023-03-14T20:02:12","guid":{"rendered":"https:\/\/commparlimage.ca\/garage\/herazz\/?product=herazz-etampes-vis-ton-reve"},"modified":"2025-10-31T17:18:58","modified_gmt":"2025-10-31T21:18:58","slug":"herazz-etampes-vis-ton-reve","status":"publish","type":"product","link":"https:\/\/www.galerie-scrapbooking.com\/en\/produit\/herazz-etampes-vis-ton-reve\/","title":{"rendered":"Herazz \u00c9tampes Vis ton R\u00eave"},"content":{"rendered":"<h1>&Eacute;tampes en fran&ccedil;ais Herazz &#8211; Vis ton R&ecirc;ve<\/h1>\n<p>Feuille d&#8217;&eacute;tampes en fran&ccedil;ais &#8220;Vie ton r&ecirc;ve&#8221;&nbsp; de la compagnie Herazz, id&eacute;ales pour vos cartes de souhaits, &eacute;tiquettes, albums et pages de scrapbooking.<\/p>\n<p>&Eacute;tampe de qualit&eacute; en polym&egrave;re, n&eacute;cessite l&#8217;utilisation d&#8217;un bloc acrylique ou outil pour estampiage (exemple Outil Sizzix, Buddy Pro, MISTI, etc.).<\/p>\n<p>Comprend 12 &eacute;tampes individuelles.<\/p>\n<p>Dimension approximative: 4.0 x 6.0 pouces.<\/p>\n","protected":false},"excerpt":{"rendered":"<p>Herazz \u00c9tampes polym\u00e8re en fran\u00e7ais<\/p>\n","protected":false},"featured_media":11635,"template":"","meta":{"_acf_changed":false},"product_brand":[],"product_cat":[419],"product_tag":[],"class_list":{"0":"post-11634","1":"product","2":"type-product","3":"status-publish","4":"has-post-thumbnail","6":"product_cat-herazz-etampe-scrapbooking","7":"pa_brand_nc-herazz","9":"first","10":"instock","11":"taxable","12":"shipping-taxable","13":"purchasable","14":"product-type-simple"},"acf":[],"aioseo_notices":[],"_links":{"self":[{"href":"https:\/\/www.galerie-scrapbooking.com\/en\/wp-json\/wp\/v2\/product\/11634","targetHints":{"allow":["GET"]}}],"collection":[{"href":"https:\/\/www.galerie-scrapbooking.com\/en\/wp-json\/wp\/v2\/product"}],"about":[{"href":"https:\/\/www.galerie-scrapbooking.com\/en\/wp-json\/wp\/v2\/types\/product"}],"wp:featuredmedia":[{"embeddable":true,"href":"https:\/\/www.galerie-scrapbooking.com\/en\/wp-json\/wp\/v2\/media\/11635"}],"wp:attachment":[{"href":"https:\/\/www.galerie-scrapbooking.com\/en\/wp-json\/wp\/v2\/media?parent=11634"}],"wp:term":[{"taxonomy":"product_brand","embeddable":true,"href":"https:\/\/www.galerie-scrapbooking.com\/en\/wp-json\/wp\/v2\/product_brand?post=11634"},{"taxonomy":"product_cat","embeddable":true,"href":"https:\/\/www.galerie-scrapbooking.com\/en\/wp-json\/wp\/v2\/product_cat?post=11634"},{"taxonomy":"product_tag","embeddable":true,"href":"https:\/\/www.galerie-scrapbooking.com\/en\/wp-json\/wp\/v2\/product_tag?post=11634"}],"curies":[{"name":"wp","href":"https:\/\/api.w.org\/{rel}","templated":true}]}}