{"id":11630,"date":"2023-03-14T19:55:52","date_gmt":"2023-03-14T19:55:52","guid":{"rendered":"https:\/\/commparlimage.ca\/garage\/herazz\/?product=herazz-etampes-condoleances"},"modified":"2025-12-05T12:25:24","modified_gmt":"2025-12-05T17:25:24","slug":"herazz-etampes-condoleances","status":"publish","type":"product","link":"https:\/\/www.galerie-scrapbooking.com\/en\/produit\/herazz-etampes-condoleances\/","title":{"rendered":"Herazz \u00c9tampes Condol\u00e9ances"},"content":{"rendered":"<h1>&Eacute;tampes en fran&ccedil;ais Herazz &#8211; Condol&eacute;ances<\/h1>\n<p>Feuille d&#8217;&eacute;tampes en fran&ccedil;ais &#8220;Condol&eacute;ances&#8221;&nbsp; de la compagnie Herazz, id&eacute;ales pour vos cartes de souhaits et pages de scrapbooking.<\/p>\n<p>&Eacute;tampe de qualit&eacute; en polym&egrave;re, n&eacute;cessite l&#8217;utilisation d&#8217;un bloc acrylique ou outil pour estampiage (exemple Outil Sizzix, Buddy Pro, MISTI, etc.).<\/p>\n<p>Comprend 9 &eacute;tampes individuelles.<\/p>\n<p>Dimension approximative: 4.0 x 6.0 pouces.<\/p>\n","protected":false},"excerpt":{"rendered":"<p>Herazz \u00c9tampes polym\u00e8re en fran\u00e7ais<\/p>\n","protected":false},"featured_media":11631,"template":"","meta":{"_acf_changed":false},"product_brand":[],"product_cat":[419],"product_tag":[],"class_list":{"0":"post-11630","1":"product","2":"type-product","3":"status-publish","4":"has-post-thumbnail","6":"product_cat-herazz-etampe-scrapbooking","7":"pa_brand_nc-herazz","9":"first","10":"instock","11":"taxable","12":"shipping-taxable","13":"purchasable","14":"product-type-simple"},"acf":[],"aioseo_notices":[],"_links":{"self":[{"href":"https:\/\/www.galerie-scrapbooking.com\/en\/wp-json\/wp\/v2\/product\/11630","targetHints":{"allow":["GET"]}}],"collection":[{"href":"https:\/\/www.galerie-scrapbooking.com\/en\/wp-json\/wp\/v2\/product"}],"about":[{"href":"https:\/\/www.galerie-scrapbooking.com\/en\/wp-json\/wp\/v2\/types\/product"}],"wp:featuredmedia":[{"embeddable":true,"href":"https:\/\/www.galerie-scrapbooking.com\/en\/wp-json\/wp\/v2\/media\/11631"}],"wp:attachment":[{"href":"https:\/\/www.galerie-scrapbooking.com\/en\/wp-json\/wp\/v2\/media?parent=11630"}],"wp:term":[{"taxonomy":"product_brand","embeddable":true,"href":"https:\/\/www.galerie-scrapbooking.com\/en\/wp-json\/wp\/v2\/product_brand?post=11630"},{"taxonomy":"product_cat","embeddable":true,"href":"https:\/\/www.galerie-scrapbooking.com\/en\/wp-json\/wp\/v2\/product_cat?post=11630"},{"taxonomy":"product_tag","embeddable":true,"href":"https:\/\/www.galerie-scrapbooking.com\/en\/wp-json\/wp\/v2\/product_tag?post=11630"}],"curies":[{"name":"wp","href":"https:\/\/api.w.org\/{rel}","templated":true}]}}