{"id":11559,"date":"2023-02-28T16:38:16","date_gmt":"2023-02-28T16:38:16","guid":{"rendered":"https:\/\/commparlimage.ca\/garage\/herazz\/?product=hero-arts-ink-blending-brush-tres-grande"},"modified":"2025-10-17T07:30:12","modified_gmt":"2025-10-17T11:30:12","slug":"hero-arts-ink-blending-brush-tres-grande","status":"publish","type":"product","link":"https:\/\/www.galerie-scrapbooking.com\/en\/produit\/hero-arts-ink-blending-brush-tres-grande\/","title":{"rendered":"Hero Arts Ink Blending Brush tr\u00e8s grande"},"content":{"rendered":"<h1>Hero Arts Ink Blending Brush tr\u00e8s grande<\/h1>\n<p>Le pinceau parfait pour m\u00e9langer les encres \u00e0 base d&#8217;eau sur vos cartes et projets.<\/p>\n<p>La t\u00eate de brosse ovale blanche fine et la conception ergonomique de la poign\u00e9e rendent les arri\u00e8re-plans parfaitement m\u00e9lang\u00e9s en un clin d&#8217;\u0153il. Nettoyer avec un savon doux et de l&#8217;eau et laisser s\u00e9cher \u00e0 l&#8217;air.<\/p>\n<p>La t\u00eate de brosse mesure 3.5 x 5.0 cm.<\/p>\n<p><span style=\"text-decoration: underline;\">Attention: Non recommand\u00e9 pour une utilisation avec de l&#8217;encre \u00e0 base de solvant, d&#8217;alcool ou de pigment.<\/span><\/p>\n","protected":false},"excerpt":{"rendered":"<p>Hero Arts Ink Blending Brush &#8211; extra large<\/p>\n","protected":false},"featured_media":11560,"template":"","meta":{"_acf_changed":false},"product_brand":[],"product_cat":[115,246,132],"product_tag":[],"class_list":{"0":"post-11559","1":"product","2":"type-product","3":"status-publish","4":"has-post-thumbnail","6":"product_cat-encres-accessoires","7":"product_cat-masques-scrapbooking-autres","8":"product_cat-outils-accessoires-autres","9":"pa_brand_nc-hero-arts","11":"first","12":"instock","13":"taxable","14":"shipping-taxable","15":"purchasable","16":"product-type-simple"},"acf":[],"aioseo_notices":[],"_links":{"self":[{"href":"https:\/\/www.galerie-scrapbooking.com\/en\/wp-json\/wp\/v2\/product\/11559","targetHints":{"allow":["GET"]}}],"collection":[{"href":"https:\/\/www.galerie-scrapbooking.com\/en\/wp-json\/wp\/v2\/product"}],"about":[{"href":"https:\/\/www.galerie-scrapbooking.com\/en\/wp-json\/wp\/v2\/types\/product"}],"wp:featuredmedia":[{"embeddable":true,"href":"https:\/\/www.galerie-scrapbooking.com\/en\/wp-json\/wp\/v2\/media\/11560"}],"wp:attachment":[{"href":"https:\/\/www.galerie-scrapbooking.com\/en\/wp-json\/wp\/v2\/media?parent=11559"}],"wp:term":[{"taxonomy":"product_brand","embeddable":true,"href":"https:\/\/www.galerie-scrapbooking.com\/en\/wp-json\/wp\/v2\/product_brand?post=11559"},{"taxonomy":"product_cat","embeddable":true,"href":"https:\/\/www.galerie-scrapbooking.com\/en\/wp-json\/wp\/v2\/product_cat?post=11559"},{"taxonomy":"product_tag","embeddable":true,"href":"https:\/\/www.galerie-scrapbooking.com\/en\/wp-json\/wp\/v2\/product_tag?post=11559"}],"curies":[{"name":"wp","href":"https:\/\/api.w.org\/{rel}","templated":true}]}}