{"id":11545,"date":"2023-02-28T16:10:38","date_gmt":"2023-02-28T16:10:38","guid":{"rendered":"https:\/\/commparlimage.ca\/garage\/herazz\/?product=cinch-30-spirales-multicolores"},"modified":"2026-03-25T09:18:21","modified_gmt":"2026-03-25T13:18:21","slug":"cinch-30-spirales-multicolores","status":"publish","type":"product","link":"https:\/\/www.galerie-scrapbooking.com\/en\/produit\/cinch-30-spirales-multicolores\/","title":{"rendered":"Cinch 30 Spirales multicolores"},"content":{"rendered":"<p>La reliure de livres Multi Cinch rend la reliure de livres rapide, facile et abordable. C&#8217;est le meilleur outil de reliure sur le march\u00e9 pour les projets de maison, d&#8217;\u00e9cole et de bureau.<\/p>\n<p>Personnalisez l&#8217;apparence de vos projets avec un fil de reliure \u00e9l\u00e9gant. Les fils sont disponibles dans une vari\u00e9t\u00e9 de couleurs tendance et sont parfaits pour les journaux de voyage, les planificateurs, les agendas, les livres de recettes et bien plus encore.<\/p>\n<p>Ce paquet comprend 30 fils de reliure en spirale color\u00e9s en 8 couleurs diff\u00e9rentes, id\u00e9aux pour tous vos projets.<\/p>\n","protected":false},"excerpt":{"rendered":"<p>We R Memory Keepers Cinch Binding Wires 30\/Pkg<\/p>\n","protected":false},"featured_media":11546,"template":"","meta":{"_acf_changed":false},"product_brand":[],"product_cat":[176],"product_tag":[],"class_list":{"0":"post-11545","1":"product","2":"type-product","3":"status-publish","4":"has-post-thumbnail","6":"product_cat-the-cinch","7":"pa_brand_nc-we-r-memory-keepers","9":"first","10":"outofstock","11":"taxable","12":"shipping-taxable","13":"purchasable","14":"product-type-simple"},"acf":[],"aioseo_notices":[],"_links":{"self":[{"href":"https:\/\/www.galerie-scrapbooking.com\/en\/wp-json\/wp\/v2\/product\/11545","targetHints":{"allow":["GET"]}}],"collection":[{"href":"https:\/\/www.galerie-scrapbooking.com\/en\/wp-json\/wp\/v2\/product"}],"about":[{"href":"https:\/\/www.galerie-scrapbooking.com\/en\/wp-json\/wp\/v2\/types\/product"}],"wp:featuredmedia":[{"embeddable":true,"href":"https:\/\/www.galerie-scrapbooking.com\/en\/wp-json\/wp\/v2\/media\/11546"}],"wp:attachment":[{"href":"https:\/\/www.galerie-scrapbooking.com\/en\/wp-json\/wp\/v2\/media?parent=11545"}],"wp:term":[{"taxonomy":"product_brand","embeddable":true,"href":"https:\/\/www.galerie-scrapbooking.com\/en\/wp-json\/wp\/v2\/product_brand?post=11545"},{"taxonomy":"product_cat","embeddable":true,"href":"https:\/\/www.galerie-scrapbooking.com\/en\/wp-json\/wp\/v2\/product_cat?post=11545"},{"taxonomy":"product_tag","embeddable":true,"href":"https:\/\/www.galerie-scrapbooking.com\/en\/wp-json\/wp\/v2\/product_tag?post=11545"}],"curies":[{"name":"wp","href":"https:\/\/api.w.org\/{rel}","templated":true}]}}