{"id":11515,"date":"2023-02-14T16:36:41","date_gmt":"2023-02-14T16:36:41","guid":{"rendered":"https:\/\/commparlimage.ca\/garage\/herazz\/?product=echo-park-collection-12-x-12-notre-bebe-garcon"},"modified":"2025-03-04T13:12:36","modified_gmt":"2025-03-04T18:12:36","slug":"echo-park-collection-12-x-12-notre-bebe-garcon","status":"publish","type":"product","link":"https:\/\/www.galerie-scrapbooking.com\/en\/produit\/echo-park-collection-12-x-12-notre-bebe-garcon\/","title":{"rendered":"Echo Park Collection 12&#8243; X 12&#8243; Notre B\u00e9b\u00e9 Gar\u00e7on"},"content":{"rendered":"<p>Commencez votre projet du bon pied avec le papier parfait pour les pages de scrapbooking, les cartes de souhaits, les signets, les cartes-cadeaux, les supports mixtes et bien plus encore !<\/p>\n<p>Ce paquet contient la collection Echo Park &#8211; La magie de l&#8217;hiver, 12 papiers &agrave; motifs double face 12 x 12 pouces et une feuille d&#8217;autocollants cartonn&eacute;s<\/p>\n","protected":false},"excerpt":{"rendered":"<p>Echo Park Collection Kit 12&#8243;X12&#8243; &#8211;  Our Baby Boy<\/p>\n","protected":false},"featured_media":11516,"template":"","meta":{"_acf_changed":false},"product_brand":[],"product_cat":[141],"product_tag":[],"class_list":{"0":"post-11515","1":"product","2":"type-product","3":"status-publish","4":"has-post-thumbnail","6":"product_cat-ensemble-papier-scrapbooking","7":"pa_brand_nc-echo-park-paper","9":"first","10":"instock","11":"taxable","12":"shipping-taxable","13":"purchasable","14":"product-type-simple"},"acf":[],"aioseo_notices":[],"_links":{"self":[{"href":"https:\/\/www.galerie-scrapbooking.com\/en\/wp-json\/wp\/v2\/product\/11515","targetHints":{"allow":["GET"]}}],"collection":[{"href":"https:\/\/www.galerie-scrapbooking.com\/en\/wp-json\/wp\/v2\/product"}],"about":[{"href":"https:\/\/www.galerie-scrapbooking.com\/en\/wp-json\/wp\/v2\/types\/product"}],"wp:featuredmedia":[{"embeddable":true,"href":"https:\/\/www.galerie-scrapbooking.com\/en\/wp-json\/wp\/v2\/media\/11516"}],"wp:attachment":[{"href":"https:\/\/www.galerie-scrapbooking.com\/en\/wp-json\/wp\/v2\/media?parent=11515"}],"wp:term":[{"taxonomy":"product_brand","embeddable":true,"href":"https:\/\/www.galerie-scrapbooking.com\/en\/wp-json\/wp\/v2\/product_brand?post=11515"},{"taxonomy":"product_cat","embeddable":true,"href":"https:\/\/www.galerie-scrapbooking.com\/en\/wp-json\/wp\/v2\/product_cat?post=11515"},{"taxonomy":"product_tag","embeddable":true,"href":"https:\/\/www.galerie-scrapbooking.com\/en\/wp-json\/wp\/v2\/product_tag?post=11515"}],"curies":[{"name":"wp","href":"https:\/\/api.w.org\/{rel}","templated":true}]}}