{"id":11491,"date":"2023-02-14T15:20:15","date_gmt":"2023-02-14T15:20:15","guid":{"rendered":"https:\/\/commparlimage.ca\/garage\/herazz\/?product=sizzix-outil-pour-stencil-etampe"},"modified":"2025-02-05T10:45:36","modified_gmt":"2025-02-05T15:45:36","slug":"sizzix-outil-pour-stencil-etampe","status":"publish","type":"product","link":"https:\/\/www.galerie-scrapbooking.com\/en\/produit\/sizzix-outil-pour-stencil-etampe\/","title":{"rendered":"Sizzix Outil pour Stencil &#038; \u00c9tampe"},"content":{"rendered":"<h1>Sizzix Outil pour Stencil &amp; \u00c9tampe<\/h1>\n<p>L&#8217;outil pochoir et tampon \u00e0 double usage de Sizzix rend le pochoir et l&#8217;estampage plus faciles que jamais !<\/p>\n<p>Vous aurez tout ce dont vous avez besoin pour cr\u00e9er de superbes cr\u00e9ations en papier, carterie et scrapbooking, en vous assurant que vos \u00e9l\u00e9ments de superposition au pochoir et estamp\u00e9s sont parfaitement positionn\u00e9s et d&#8217;une pr\u00e9cision parfaite, \u00e0 chaque fois !<\/p>\n<p><iframe loading=\"lazy\" title=\"YouTube video player\" src=\"https:\/\/www.youtube.com\/embed\/lS5PaXSF6mg?si=wJ-bFRh59Irmah2E\" width=\"560\" height=\"315\" frameborder=\"0\" allowfullscreen=\"allowfullscreen\"><\/iframe><\/p>\n","protected":false},"excerpt":{"rendered":"<p>Sizzix Stencil &amp; Stamp Tool<\/p>\n","protected":false},"featured_media":11492,"template":"","meta":{"_acf_changed":false},"product_brand":[],"product_cat":[123,303],"product_tag":[],"class_list":{"0":"post-11491","1":"product","2":"type-product","3":"status-publish","4":"has-post-thumbnail","6":"product_cat-etampe-scrapbooking-accessoires","7":"product_cat-outil-pochoir-tampon-sizzix","8":"pa_brand_nc-sizzix","10":"first","11":"instock","12":"taxable","13":"shipping-taxable","14":"purchasable","15":"product-type-simple"},"acf":[],"aioseo_notices":[],"_links":{"self":[{"href":"https:\/\/www.galerie-scrapbooking.com\/en\/wp-json\/wp\/v2\/product\/11491","targetHints":{"allow":["GET"]}}],"collection":[{"href":"https:\/\/www.galerie-scrapbooking.com\/en\/wp-json\/wp\/v2\/product"}],"about":[{"href":"https:\/\/www.galerie-scrapbooking.com\/en\/wp-json\/wp\/v2\/types\/product"}],"wp:featuredmedia":[{"embeddable":true,"href":"https:\/\/www.galerie-scrapbooking.com\/en\/wp-json\/wp\/v2\/media\/11492"}],"wp:attachment":[{"href":"https:\/\/www.galerie-scrapbooking.com\/en\/wp-json\/wp\/v2\/media?parent=11491"}],"wp:term":[{"taxonomy":"product_brand","embeddable":true,"href":"https:\/\/www.galerie-scrapbooking.com\/en\/wp-json\/wp\/v2\/product_brand?post=11491"},{"taxonomy":"product_cat","embeddable":true,"href":"https:\/\/www.galerie-scrapbooking.com\/en\/wp-json\/wp\/v2\/product_cat?post=11491"},{"taxonomy":"product_tag","embeddable":true,"href":"https:\/\/www.galerie-scrapbooking.com\/en\/wp-json\/wp\/v2\/product_tag?post=11491"}],"curies":[{"name":"wp","href":"https:\/\/api.w.org\/{rel}","templated":true}]}}