{"id":11483,"date":"2023-02-01T15:23:13","date_gmt":"2023-02-01T15:23:13","guid":{"rendered":"https:\/\/commparlimage.ca\/garage\/herazz\/?product=tape-double-face-65mm"},"modified":"2025-07-03T20:51:18","modified_gmt":"2025-07-04T00:51:18","slug":"tape-double-face-65mm","status":"publish","type":"product","link":"https:\/\/www.galerie-scrapbooking.com\/en\/produit\/tape-double-face-65mm\/","title":{"rendered":"Tape Double Face 65mm."},"content":{"rendered":"<h1>Be Creative Tape Double Face 65mm.<\/h1>\n<p>Adh\u00e9sif double face d&#8217;une longueur de 25 m\u00e8tres, r\u00e9sistant \u00e0 la chaleur, il colle tr\u00e8s bien. Id\u00e9al pour le scrapbooking! Un adh\u00e9sif \u00e9conomique et durable!<\/p>\n","protected":false},"excerpt":{"rendered":"<p>Be Creative Tape &#8211; 65mm<\/p>\n","protected":false},"featured_media":11484,"template":"","meta":{"_acf_changed":false},"product_brand":[],"product_cat":[43],"product_tag":[],"class_list":{"0":"post-11483","1":"product","2":"type-product","3":"status-publish","4":"has-post-thumbnail","6":"product_cat-adhesifs-double-face","7":"pa_brand_nc-be-creative","9":"first","10":"instock","11":"taxable","12":"shipping-taxable","13":"purchasable","14":"product-type-simple"},"acf":[],"aioseo_notices":[],"_links":{"self":[{"href":"https:\/\/www.galerie-scrapbooking.com\/en\/wp-json\/wp\/v2\/product\/11483","targetHints":{"allow":["GET"]}}],"collection":[{"href":"https:\/\/www.galerie-scrapbooking.com\/en\/wp-json\/wp\/v2\/product"}],"about":[{"href":"https:\/\/www.galerie-scrapbooking.com\/en\/wp-json\/wp\/v2\/types\/product"}],"wp:featuredmedia":[{"embeddable":true,"href":"https:\/\/www.galerie-scrapbooking.com\/en\/wp-json\/wp\/v2\/media\/11484"}],"wp:attachment":[{"href":"https:\/\/www.galerie-scrapbooking.com\/en\/wp-json\/wp\/v2\/media?parent=11483"}],"wp:term":[{"taxonomy":"product_brand","embeddable":true,"href":"https:\/\/www.galerie-scrapbooking.com\/en\/wp-json\/wp\/v2\/product_brand?post=11483"},{"taxonomy":"product_cat","embeddable":true,"href":"https:\/\/www.galerie-scrapbooking.com\/en\/wp-json\/wp\/v2\/product_cat?post=11483"},{"taxonomy":"product_tag","embeddable":true,"href":"https:\/\/www.galerie-scrapbooking.com\/en\/wp-json\/wp\/v2\/product_tag?post=11483"}],"curies":[{"name":"wp","href":"https:\/\/api.w.org\/{rel}","templated":true}]}}