{"id":11475,"date":"2023-02-01T14:47:48","date_gmt":"2023-02-01T14:47:48","guid":{"rendered":"https:\/\/commparlimage.ca\/garage\/herazz\/?product=tim-holtz-papiers-dura-lar-pour-alcohol-ink-transparents"},"modified":"2025-10-07T13:16:20","modified_gmt":"2025-10-07T17:16:20","slug":"tim-holtz-papiers-dura-lar-pour-alcohol-ink-transparents","status":"publish","type":"product","link":"https:\/\/www.galerie-scrapbooking.com\/en\/produit\/tim-holtz-papiers-dura-lar-pour-alcohol-ink-transparents\/","title":{"rendered":"Tim Holtz papiers Dura-Lar pour Alcohol Ink transparents"},"content":{"rendered":"<h1>Tim Holtz papiers Dura-Lar pour Alcohol Ink transparents<\/h1>\n<p>Tim Holtz Alcohol Ink Dura-Lar Clear est une surface polyvalente adapt\u00e9e aux encres permanentes et aux techniques mixtes m\u00e9dia.<\/p>\n<p>Dura-Lar Clear est un film transparent d&#8217;une surface de 0,10 pouce (couverture de 110 lb) r\u00e9sistant \u00e0 la chaleur et non absorbant.<\/p>\n<p>\u00c0 utiliser avec les encres \u00e0 alcool Tim Holtz, les Alcohol Pearls, les Alloys, les m\u00e9langes et la solution de m\u00e9lange.<\/p>\n<p>Les feuilles mesurent 5 x 7 pouces (12,7 cm x 17,78 cm). 10 morceaux<\/p>\n","protected":false},"excerpt":{"rendered":"<p>Tim Holtz Alcohol Ink Dura-Lar 5&#8243;X7&#8243; 10\/Pkg<\/p>\n","protected":false},"featured_media":11476,"template":"","meta":{"_acf_changed":false},"product_brand":[],"product_cat":[115,143,142],"product_tag":[],"class_list":{"0":"post-11475","1":"product","2":"type-product","3":"status-publish","4":"has-post-thumbnail","6":"product_cat-encres-accessoires","7":"product_cat-papier-scrapbooking-autres","8":"product_cat-tim-holtz-papier","9":"pa_brand_nc-tim-holtz","11":"first","12":"instock","13":"taxable","14":"shipping-taxable","15":"purchasable","16":"product-type-simple"},"acf":[],"aioseo_notices":[],"_links":{"self":[{"href":"https:\/\/www.galerie-scrapbooking.com\/en\/wp-json\/wp\/v2\/product\/11475","targetHints":{"allow":["GET"]}}],"collection":[{"href":"https:\/\/www.galerie-scrapbooking.com\/en\/wp-json\/wp\/v2\/product"}],"about":[{"href":"https:\/\/www.galerie-scrapbooking.com\/en\/wp-json\/wp\/v2\/types\/product"}],"wp:featuredmedia":[{"embeddable":true,"href":"https:\/\/www.galerie-scrapbooking.com\/en\/wp-json\/wp\/v2\/media\/11476"}],"wp:attachment":[{"href":"https:\/\/www.galerie-scrapbooking.com\/en\/wp-json\/wp\/v2\/media?parent=11475"}],"wp:term":[{"taxonomy":"product_brand","embeddable":true,"href":"https:\/\/www.galerie-scrapbooking.com\/en\/wp-json\/wp\/v2\/product_brand?post=11475"},{"taxonomy":"product_cat","embeddable":true,"href":"https:\/\/www.galerie-scrapbooking.com\/en\/wp-json\/wp\/v2\/product_cat?post=11475"},{"taxonomy":"product_tag","embeddable":true,"href":"https:\/\/www.galerie-scrapbooking.com\/en\/wp-json\/wp\/v2\/product_tag?post=11475"}],"curies":[{"name":"wp","href":"https:\/\/api.w.org\/{rel}","templated":true}]}}