{"id":11457,"date":"2023-02-01T13:37:12","date_gmt":"2023-02-01T13:37:12","guid":{"rendered":"https:\/\/commparlimage.ca\/garage\/herazz\/?product=distress-ink-lost-shadow"},"modified":"2025-04-01T10:52:00","modified_gmt":"2025-04-01T14:52:00","slug":"distress-ink-lost-shadow","status":"publish","type":"product","link":"https:\/\/www.galerie-scrapbooking.com\/en\/produit\/distress-ink-lost-shadow\/","title":{"rendered":"Distress Ink Lost Shadow"},"content":{"rendered":"<h1>Distress Ink Lost Shadow<\/h1>\n<p>Les encres Distress sont sans acide, non-toxiques et sont \u00e0 base d&#8217;eau. Ils sont parfaites pour le style vintage, vieillot ou donner un\u00a0effet de teinture.<\/p>\n<p>Id\u00e9ales pour donner ces effects \u00e0 vos pages, cartes, signets, livres alt\u00e9r\u00e9s ou autres projects de scrapbooking.<\/p>\n<p>(Encrer avec l&#8217;applicateur Blending Foam de Ranger)<\/p>\n<p>Vid\u00e9o de Tim Holtz:<\/p>\n<p><iframe loading=\"lazy\" title=\"YouTube video player\" src=\"https:\/\/www.youtube.com\/embed\/bi07LnN2iV8\" width=\"560\" height=\"315\" frameborder=\"0\" allowfullscreen=\"allowfullscreen\"><\/iframe><\/p>\n","protected":false},"excerpt":{"rendered":"<p>Tim Holtz Distress Ink Pad Lost Shadow<\/p>\n","protected":false},"featured_media":11458,"template":"","meta":{"_acf_changed":false},"product_brand":[],"product_cat":[48],"product_tag":[],"class_list":{"0":"post-11457","1":"product","2":"type-product","3":"status-publish","4":"has-post-thumbnail","6":"product_cat-distress-ink","7":"pa_brand_nc-ranger","9":"first","10":"instock","11":"taxable","12":"shipping-taxable","13":"purchasable","14":"product-type-simple"},"acf":[],"aioseo_notices":[],"_links":{"self":[{"href":"https:\/\/www.galerie-scrapbooking.com\/en\/wp-json\/wp\/v2\/product\/11457","targetHints":{"allow":["GET"]}}],"collection":[{"href":"https:\/\/www.galerie-scrapbooking.com\/en\/wp-json\/wp\/v2\/product"}],"about":[{"href":"https:\/\/www.galerie-scrapbooking.com\/en\/wp-json\/wp\/v2\/types\/product"}],"wp:featuredmedia":[{"embeddable":true,"href":"https:\/\/www.galerie-scrapbooking.com\/en\/wp-json\/wp\/v2\/media\/11458"}],"wp:attachment":[{"href":"https:\/\/www.galerie-scrapbooking.com\/en\/wp-json\/wp\/v2\/media?parent=11457"}],"wp:term":[{"taxonomy":"product_brand","embeddable":true,"href":"https:\/\/www.galerie-scrapbooking.com\/en\/wp-json\/wp\/v2\/product_brand?post=11457"},{"taxonomy":"product_cat","embeddable":true,"href":"https:\/\/www.galerie-scrapbooking.com\/en\/wp-json\/wp\/v2\/product_cat?post=11457"},{"taxonomy":"product_tag","embeddable":true,"href":"https:\/\/www.galerie-scrapbooking.com\/en\/wp-json\/wp\/v2\/product_tag?post=11457"}],"curies":[{"name":"wp","href":"https:\/\/api.w.org\/{rel}","templated":true}]}}