{"id":11446,"date":"2023-01-25T14:47:23","date_gmt":"2023-01-25T14:47:23","guid":{"rendered":"https:\/\/commparlimage.ca\/garage\/herazz\/?product=sizzix-outil-de-pliage-et-de-formage-575"},"modified":"2026-04-29T09:34:11","modified_gmt":"2026-04-29T13:34:11","slug":"sizzix-outil-de-pliage-et-de-formage-5-75","status":"publish","type":"product","link":"https:\/\/www.galerie-scrapbooking.com\/en\/produit\/sizzix-outil-de-pliage-et-de-formage-5-75\/","title":{"rendered":"Sizzix Outil de pliage et de formage 5.75&#8243;"},"content":{"rendered":"<h1>Sizzix Outil de pliage et de formage 5.75&#8243;<\/h1>\n<p>Pr\u00eat \u00e0 donner vie \u00e0 des fleurs en papier ? Le nouvel outil de fabrication Sizzix est quelque chose dont chaque artisan a besoin !<\/p>\n<p>L&#8217;outil de pliage et de formage est un outil \u00e0 deux faces pour assembler les grandes et petites fleurs Sizzix ou cr\u00e9er des bords nets ou des lignes de pliage. Con\u00e7u de mani\u00e8re ergonomique pour un confort de fabrication maximal, il vous aide \u00e0 ajouter facilement un pli au milieu des formes de p\u00e9tales et \u00e0 boucler les p\u00e9tales pour ajouter du volume sans se plier.<\/p>\n<p>\u00c0 5,75 x 0,625 pouces, cet outil pratique peut \u00e9galement \u00eatre utilis\u00e9 pour le quilling \u00e0 grande \u00e9chelle. Cet outil est essentiel pour tous les types de projets d&#8217;artisanat, y compris la fabrication de cartes, la fabrication de papier et la d\u00e9coration int\u00e9rieure.<\/p>\n","protected":false},"excerpt":{"rendered":"<p>Sizzix Fold &amp; Form Tool<\/p>\n","protected":false},"featured_media":11447,"template":"","meta":{"_acf_changed":false},"product_brand":[],"product_cat":[132],"product_tag":[],"class_list":{"0":"post-11446","1":"product","2":"type-product","3":"status-publish","4":"has-post-thumbnail","6":"product_cat-outils-accessoires-autres","7":"pa_brand_nc-sizzix","9":"first","10":"instock","11":"taxable","12":"shipping-taxable","13":"purchasable","14":"product-type-simple"},"acf":[],"aioseo_notices":[],"_links":{"self":[{"href":"https:\/\/www.galerie-scrapbooking.com\/en\/wp-json\/wp\/v2\/product\/11446","targetHints":{"allow":["GET"]}}],"collection":[{"href":"https:\/\/www.galerie-scrapbooking.com\/en\/wp-json\/wp\/v2\/product"}],"about":[{"href":"https:\/\/www.galerie-scrapbooking.com\/en\/wp-json\/wp\/v2\/types\/product"}],"wp:featuredmedia":[{"embeddable":true,"href":"https:\/\/www.galerie-scrapbooking.com\/en\/wp-json\/wp\/v2\/media\/11447"}],"wp:attachment":[{"href":"https:\/\/www.galerie-scrapbooking.com\/en\/wp-json\/wp\/v2\/media?parent=11446"}],"wp:term":[{"taxonomy":"product_brand","embeddable":true,"href":"https:\/\/www.galerie-scrapbooking.com\/en\/wp-json\/wp\/v2\/product_brand?post=11446"},{"taxonomy":"product_cat","embeddable":true,"href":"https:\/\/www.galerie-scrapbooking.com\/en\/wp-json\/wp\/v2\/product_cat?post=11446"},{"taxonomy":"product_tag","embeddable":true,"href":"https:\/\/www.galerie-scrapbooking.com\/en\/wp-json\/wp\/v2\/product_tag?post=11446"}],"curies":[{"name":"wp","href":"https:\/\/api.w.org\/{rel}","templated":true}]}}