{"id":11443,"date":"2023-01-25T14:42:24","date_gmt":"2023-01-25T14:42:24","guid":{"rendered":"https:\/\/commparlimage.ca\/garage\/herazz\/?product=tim-holtz-tranche-mini-guillotine-625"},"modified":"2025-12-29T00:08:40","modified_gmt":"2025-12-29T05:08:40","slug":"tim-holtz-tranche-mini-guillotine-6-25","status":"publish","type":"product","link":"https:\/\/www.galerie-scrapbooking.com\/en\/produit\/tim-holtz-tranche-mini-guillotine-6-25\/","title":{"rendered":"Tim Holtz tranche mini Guillotine 6.25&#8243;"},"content":{"rendered":"<p>La mini guillotine Tim Holtz 6,25 pouces \/ 16 cm poss\u00e8de de nombreuses fonctionnalit\u00e9s que l&#8217;on ne trouve pas dans des produits similaires.<\/p>\n<p>Ce produit est portable et l\u00e9ger. Il est parfait pour d\u00e9couper des photographies et cr\u00e9er des rectos de cartes.<\/p>\n<p>Les fonctionnalit\u00e9s incluent; Lame de pr\u00e9cision en acier tremp\u00e9, grille de mesure moul\u00e9e, longueur de lame de coupe de 6,25 pouces \/ 16 cm et prot\u00e8ge-doigts qui maintient votre papier en position pour une coupe parfaite<\/p>\n","protected":false},"excerpt":{"rendered":"<p>Tim Holtz Guillotine Mini Trimmer 6.25&#8243;<\/p>\n","protected":false},"featured_media":11444,"template":"","meta":{"_acf_changed":false},"product_brand":[],"product_cat":[131,386],"product_tag":[],"class_list":{"0":"post-11443","1":"product","2":"type-product","3":"status-publish","4":"has-post-thumbnail","6":"product_cat-outils-de-coupe-scrapbooking","7":"product_cat-tim-holtz-ranger","8":"pa_brand_nc-tim-holtz","10":"first","11":"instock","12":"taxable","13":"shipping-taxable","14":"purchasable","15":"product-type-simple"},"acf":[],"aioseo_notices":[],"_links":{"self":[{"href":"https:\/\/www.galerie-scrapbooking.com\/en\/wp-json\/wp\/v2\/product\/11443","targetHints":{"allow":["GET"]}}],"collection":[{"href":"https:\/\/www.galerie-scrapbooking.com\/en\/wp-json\/wp\/v2\/product"}],"about":[{"href":"https:\/\/www.galerie-scrapbooking.com\/en\/wp-json\/wp\/v2\/types\/product"}],"wp:featuredmedia":[{"embeddable":true,"href":"https:\/\/www.galerie-scrapbooking.com\/en\/wp-json\/wp\/v2\/media\/11444"}],"wp:attachment":[{"href":"https:\/\/www.galerie-scrapbooking.com\/en\/wp-json\/wp\/v2\/media?parent=11443"}],"wp:term":[{"taxonomy":"product_brand","embeddable":true,"href":"https:\/\/www.galerie-scrapbooking.com\/en\/wp-json\/wp\/v2\/product_brand?post=11443"},{"taxonomy":"product_cat","embeddable":true,"href":"https:\/\/www.galerie-scrapbooking.com\/en\/wp-json\/wp\/v2\/product_cat?post=11443"},{"taxonomy":"product_tag","embeddable":true,"href":"https:\/\/www.galerie-scrapbooking.com\/en\/wp-json\/wp\/v2\/product_tag?post=11443"}],"curies":[{"name":"wp","href":"https:\/\/api.w.org\/{rel}","templated":true}]}}