{"id":11342,"date":"2023-01-04T15:11:42","date_gmt":"2023-01-04T15:11:42","guid":{"rendered":"https:\/\/commparlimage.ca\/garage\/herazz\/?product=yvonne-creations-die-scene-nordique"},"modified":"2024-04-29T20:46:59","modified_gmt":"2024-04-30T00:46:59","slug":"yvonne-creations-die-scene-nordique","status":"publish","type":"product","link":"https:\/\/www.galerie-scrapbooking.com\/en\/produit\/yvonne-creations-die-scene-nordique\/","title":{"rendered":"Yvonne Creations Die Sc\u00e8ne Nordique"},"content":{"rendered":"<p>Yvonne Creations\u00a0d\u00e9coupes, pour d\u00e9couper parfaitement le papier, facile \u00e0 utiliser avec la Platinum, Big Shot, Grand calibur ou autres machines du m\u00eame genre<\/p>\n<p>Dimensions approximatives:<\/p>\n<p>12.4 x 11.7 cm.<\/p>\n","protected":false},"excerpt":{"rendered":"<p>Dies &#8211; Yvonne Creations &#8211; Nordic Winter &#8211; Nordic Scene<\/p>\n","protected":false},"featured_media":11343,"template":"","meta":{"_acf_changed":false},"product_brand":[],"product_cat":[286],"product_tag":[],"class_list":{"0":"post-11342","1":"product","2":"type-product","3":"status-publish","4":"has-post-thumbnail","6":"product_cat-yvonne-creation-die","7":"pa_brand_nc-yvonne-creations","9":"first","10":"instock","11":"taxable","12":"shipping-taxable","13":"purchasable","14":"product-type-simple"},"acf":[],"aioseo_notices":[],"_links":{"self":[{"href":"https:\/\/www.galerie-scrapbooking.com\/en\/wp-json\/wp\/v2\/product\/11342","targetHints":{"allow":["GET"]}}],"collection":[{"href":"https:\/\/www.galerie-scrapbooking.com\/en\/wp-json\/wp\/v2\/product"}],"about":[{"href":"https:\/\/www.galerie-scrapbooking.com\/en\/wp-json\/wp\/v2\/types\/product"}],"wp:featuredmedia":[{"embeddable":true,"href":"https:\/\/www.galerie-scrapbooking.com\/en\/wp-json\/wp\/v2\/media\/11343"}],"wp:attachment":[{"href":"https:\/\/www.galerie-scrapbooking.com\/en\/wp-json\/wp\/v2\/media?parent=11342"}],"wp:term":[{"taxonomy":"product_brand","embeddable":true,"href":"https:\/\/www.galerie-scrapbooking.com\/en\/wp-json\/wp\/v2\/product_brand?post=11342"},{"taxonomy":"product_cat","embeddable":true,"href":"https:\/\/www.galerie-scrapbooking.com\/en\/wp-json\/wp\/v2\/product_cat?post=11342"},{"taxonomy":"product_tag","embeddable":true,"href":"https:\/\/www.galerie-scrapbooking.com\/en\/wp-json\/wp\/v2\/product_tag?post=11342"}],"curies":[{"name":"wp","href":"https:\/\/api.w.org\/{rel}","templated":true}]}}