{"id":11324,"date":"2022-12-14T21:03:39","date_gmt":"2022-12-14T21:03:39","guid":{"rendered":"https:\/\/commparlimage.ca\/garage\/herazz\/?product=nuvo-deluxe-adhesif-buses-de-precision-2emballage"},"modified":"2026-02-25T14:02:39","modified_gmt":"2026-02-25T19:02:39","slug":"nuvo-deluxe-adhesif-buses-de-precision-2-emballage","status":"publish","type":"product","link":"https:\/\/www.galerie-scrapbooking.com\/en\/produit\/nuvo-deluxe-adhesif-buses-de-precision-2-emballage\/","title":{"rendered":"Nuvo Deluxe adh\u00e9sif Buses de pr\u00e9cision 2\/emballage"},"content":{"rendered":"<h1>Nuvo Deluxe adh\u00e9sif Buses de pr\u00e9cision 2\/emballage<\/h1>\n<p>Les pointes de pr\u00e9cision Nuvo sont recommand\u00e9es pour une utilisation avec l&#8217;adh\u00e9sif Nuvo Deluxe.<\/p>\n<p>La pointe de pr\u00e9cision fine est parfaite pour adh\u00e9rer aux d\u00e9coupes et aux sentiments complexes.<\/p>\n<p>Le couvercle a une goupille mont\u00e9e pour aider \u00e0 pr\u00e9venir les blocages. Si la pointe se bouche, rincez \u00e0 l&#8217;eau ti\u00e8de jusqu&#8217;\u00e0 ce qu&#8217;elle soit claire.<\/p>\n","protected":false},"excerpt":{"rendered":"<p>Nuvo Deluxe Adhesive Precision Nozzles 2\/Pkg<\/p>\n","protected":false},"featured_media":11325,"template":"","meta":{"_acf_changed":false},"product_brand":[],"product_cat":[45,132],"product_tag":[],"class_list":{"0":"post-11324","1":"product","2":"type-product","3":"status-publish","4":"has-post-thumbnail","6":"product_cat-adhesifs-autres","7":"product_cat-outils-accessoires-autres","8":"pa_brand_nc-nuvo","10":"first","11":"instock","12":"taxable","13":"shipping-taxable","14":"purchasable","15":"product-type-simple"},"acf":[],"aioseo_notices":[],"_links":{"self":[{"href":"https:\/\/www.galerie-scrapbooking.com\/en\/wp-json\/wp\/v2\/product\/11324","targetHints":{"allow":["GET"]}}],"collection":[{"href":"https:\/\/www.galerie-scrapbooking.com\/en\/wp-json\/wp\/v2\/product"}],"about":[{"href":"https:\/\/www.galerie-scrapbooking.com\/en\/wp-json\/wp\/v2\/types\/product"}],"wp:featuredmedia":[{"embeddable":true,"href":"https:\/\/www.galerie-scrapbooking.com\/en\/wp-json\/wp\/v2\/media\/11325"}],"wp:attachment":[{"href":"https:\/\/www.galerie-scrapbooking.com\/en\/wp-json\/wp\/v2\/media?parent=11324"}],"wp:term":[{"taxonomy":"product_brand","embeddable":true,"href":"https:\/\/www.galerie-scrapbooking.com\/en\/wp-json\/wp\/v2\/product_brand?post=11324"},{"taxonomy":"product_cat","embeddable":true,"href":"https:\/\/www.galerie-scrapbooking.com\/en\/wp-json\/wp\/v2\/product_cat?post=11324"},{"taxonomy":"product_tag","embeddable":true,"href":"https:\/\/www.galerie-scrapbooking.com\/en\/wp-json\/wp\/v2\/product_tag?post=11324"}],"curies":[{"name":"wp","href":"https:\/\/api.w.org\/{rel}","templated":true}]}}