{"id":11305,"date":"2022-12-07T16:06:02","date_gmt":"2022-12-07T16:06:02","guid":{"rendered":"https:\/\/commparlimage.ca\/garage\/herazz\/?product=we-r-memory-keepers-cinch-coupe-fils-a-bec-effile"},"modified":"2025-10-19T23:27:44","modified_gmt":"2025-10-20T03:27:44","slug":"we-r-memory-keepers-cinch-coupe-fils-a-bec-effile","status":"publish","type":"product","link":"https:\/\/www.galerie-scrapbooking.com\/en\/produit\/we-r-memory-keepers-cinch-coupe-fils-a-bec-effile\/","title":{"rendered":"We R Memory Keepers Cinch Coupe-fils \u00e0 bec effil\u00e9"},"content":{"rendered":"<p>La machine \u00e0 relier Cinch de We R Memory Keepers rend la reliure rapide, facile et abordable. Percez des trous parfaits avec un espacement des trous personnalisable sur n&#8217;importe quel projet de taille. Enfilez ensuite les couvertures et les pages sur le fil de reliure Cinch.<\/p>\n<p>Utilisez ces coupe-fils \u00e0 aiguille pour personnaliser la longueur de votre fil, puis pliez le fil en place.<\/p>\n<p>Ce paquet comprend un coupe-fils roses<\/p>\n","protected":false},"excerpt":{"rendered":"<p>We R Memory Keepers Cinch Needle Nose Wire Clippers<\/p>\n","protected":false},"featured_media":11306,"template":"","meta":{"_acf_changed":false},"product_brand":[],"product_cat":[132,176],"product_tag":[],"class_list":{"0":"post-11305","1":"product","2":"type-product","3":"status-publish","4":"has-post-thumbnail","6":"product_cat-outils-accessoires-autres","7":"product_cat-the-cinch","8":"pa_brand_nc-we-r-memory-keepers","10":"first","11":"instock","12":"taxable","13":"shipping-taxable","14":"purchasable","15":"product-type-simple"},"acf":[],"aioseo_notices":[],"_links":{"self":[{"href":"https:\/\/www.galerie-scrapbooking.com\/en\/wp-json\/wp\/v2\/product\/11305","targetHints":{"allow":["GET"]}}],"collection":[{"href":"https:\/\/www.galerie-scrapbooking.com\/en\/wp-json\/wp\/v2\/product"}],"about":[{"href":"https:\/\/www.galerie-scrapbooking.com\/en\/wp-json\/wp\/v2\/types\/product"}],"wp:featuredmedia":[{"embeddable":true,"href":"https:\/\/www.galerie-scrapbooking.com\/en\/wp-json\/wp\/v2\/media\/11306"}],"wp:attachment":[{"href":"https:\/\/www.galerie-scrapbooking.com\/en\/wp-json\/wp\/v2\/media?parent=11305"}],"wp:term":[{"taxonomy":"product_brand","embeddable":true,"href":"https:\/\/www.galerie-scrapbooking.com\/en\/wp-json\/wp\/v2\/product_brand?post=11305"},{"taxonomy":"product_cat","embeddable":true,"href":"https:\/\/www.galerie-scrapbooking.com\/en\/wp-json\/wp\/v2\/product_cat?post=11305"},{"taxonomy":"product_tag","embeddable":true,"href":"https:\/\/www.galerie-scrapbooking.com\/en\/wp-json\/wp\/v2\/product_tag?post=11305"}],"curies":[{"name":"wp","href":"https:\/\/api.w.org\/{rel}","templated":true}]}}