{"id":11295,"date":"2022-11-29T16:42:51","date_gmt":"2022-11-29T16:42:51","guid":{"rendered":"https:\/\/commparlimage.ca\/garage\/herazz\/?product=tim-holtz-tapis-antiderapant-pour-glass-media-mat"},"modified":"2025-07-21T13:37:56","modified_gmt":"2025-07-21T17:37:56","slug":"tim-holtz-tapis-antiderapant-pour-glass-media-mat","status":"publish","type":"product","link":"https:\/\/www.galerie-scrapbooking.com\/en\/produit\/tim-holtz-tapis-antiderapant-pour-glass-media-mat\/","title":{"rendered":"Tim Holtz Tapis antid\u00e9rapant pour Glass Media Mat"},"content":{"rendered":"<h1>Tim Holtz Tapis antid\u00e9rapant pour Glass Media Mat<\/h1>\n<p>Con\u00e7u pour \u00eatre utilis\u00e9 avec le tapis de support en verre Tim Holtz, ce tapis antid\u00e9rapant maintient le support en place pour le m\u00e9lange d&#8217;encre, l&#8217;estampage et le pochoir.<\/p>\n<p>Livr\u00e9 dans une taille de 12.0 x 10,5 pouces, mais peut \u00eatre coup\u00e9 au besoin.<\/p>\n<p>Lavable (\u00e0 l&#8217;eau et au savon, laisser s\u00e9cher \u00e0 l&#8217;air libre) et r\u00e9utilisable, il est \u00e9galement r\u00e9sistant \u00e0 la chaleur !<\/p>\n<p>Voici une vid\u00e9o de d\u00e9monstration par Tim Holtz:<\/p>\n<p><iframe loading=\"lazy\" title=\"YouTube video player\" src=\"https:\/\/www.youtube.com\/embed\/BMp7RswS1-Y\" width=\"560\" height=\"315\" frameborder=\"0\" allowfullscreen=\"allowfullscreen\"><\/iframe><\/p>\n","protected":false},"excerpt":{"rendered":"<p>Tim Holtz Media Grip Mat 10.5&#8243;X12&#8243;<\/p>\n","protected":false},"featured_media":11296,"template":"","meta":{"_acf_changed":false},"product_brand":[],"product_cat":[386],"product_tag":[],"class_list":{"0":"post-11295","1":"product","2":"type-product","3":"status-publish","4":"has-post-thumbnail","6":"product_cat-tim-holtz-ranger","7":"pa_brand_nc-tim-holtz","9":"first","10":"instock","11":"taxable","12":"shipping-taxable","13":"purchasable","14":"product-type-simple"},"acf":[],"aioseo_notices":[],"_links":{"self":[{"href":"https:\/\/www.galerie-scrapbooking.com\/en\/wp-json\/wp\/v2\/product\/11295","targetHints":{"allow":["GET"]}}],"collection":[{"href":"https:\/\/www.galerie-scrapbooking.com\/en\/wp-json\/wp\/v2\/product"}],"about":[{"href":"https:\/\/www.galerie-scrapbooking.com\/en\/wp-json\/wp\/v2\/types\/product"}],"wp:featuredmedia":[{"embeddable":true,"href":"https:\/\/www.galerie-scrapbooking.com\/en\/wp-json\/wp\/v2\/media\/11296"}],"wp:attachment":[{"href":"https:\/\/www.galerie-scrapbooking.com\/en\/wp-json\/wp\/v2\/media?parent=11295"}],"wp:term":[{"taxonomy":"product_brand","embeddable":true,"href":"https:\/\/www.galerie-scrapbooking.com\/en\/wp-json\/wp\/v2\/product_brand?post=11295"},{"taxonomy":"product_cat","embeddable":true,"href":"https:\/\/www.galerie-scrapbooking.com\/en\/wp-json\/wp\/v2\/product_cat?post=11295"},{"taxonomy":"product_tag","embeddable":true,"href":"https:\/\/www.galerie-scrapbooking.com\/en\/wp-json\/wp\/v2\/product_tag?post=11295"}],"curies":[{"name":"wp","href":"https:\/\/api.w.org\/{rel}","templated":true}]}}