{"id":11290,"date":"2022-11-29T16:23:21","date_gmt":"2022-11-29T16:23:21","guid":{"rendered":"https:\/\/commparlimage.ca\/garage\/herazz\/?product=tim-holtz-tranche-guillotine-85-effet-de-bord-dechire"},"modified":"2025-05-05T14:12:09","modified_gmt":"2025-05-05T18:12:09","slug":"tim-holtz-tranche-guillotine-8-5-effet-de-bord-dechire","status":"publish","type":"product","link":"https:\/\/www.galerie-scrapbooking.com\/en\/produit\/tim-holtz-tranche-guillotine-8-5-effet-de-bord-dechire\/","title":{"rendered":"Tim Holtz tranche Guillotine 8.5&#8243; Effet de Bord d\u00e9chir\u00e9"},"content":{"rendered":"<h1>Tim Holtz tranche Guillotine 8.5&#8243; Effet de Bord d\u00e9chir\u00e9<\/h1>\n<p>La tranche Tim Holtz Deckle Torn Edge Trimmer donne \u00e0 vos projets l&#8217;effet de bord de papier d\u00e9chir\u00e9 parfait avec un contr\u00f4le et une pr\u00e9cision maximum.<\/p>\n<p>Con\u00e7u pour fournir des effets de papier d\u00e9chir\u00e9 reproductibles sans effort, ce nouvel outil de coupe de Tim Holtz et Tonic Studios est essentiel pour tout artisan qui cherche \u00e0 donner vie \u00e0 son prochain design.<\/p>\n<p>\u00c0 combiner avec diff\u00e9rents papiers et papiers cartonn\u00e9s pour varier les effets de bords d\u00e9chir\u00e9s. Parfait d&#8217;utilisation avec du papier cartonn\u00e9 fibreux et une carte de base color\u00e9e pour souligner le bord d\u00e9chir\u00e9 du pont.<\/p>\n<p>Base quadrill\u00e9e de 0,25 pour un alignement et une mesure sans effort. Tailles de cartes populaires marqu\u00e9es sur la base quadrill\u00e9e pour r\u00e9f\u00e9rence. Mesures doubles sur les r\u00e8gles de bord sup\u00e9rieur et inf\u00e9rieur pour faciliter la mesure. Bord de coupe de 8,5 pouces, parfait pour couper horizontalement des cartes.<\/p>\n<p>Voici une vid\u00e9o de d\u00e9monstration par Tim Holtz:<\/p>\n<p><iframe loading=\"lazy\" title=\"YouTube video player\" src=\"https:\/\/www.youtube.com\/embed\/Fh8gF9qwZIQ?si=DwIWz31Vobg5-nUx\" width=\"560\" height=\"315\" frameborder=\"0\" allowfullscreen=\"allowfullscreen\"><\/iframe><\/p>\n","protected":false},"excerpt":{"rendered":"<p>Tim Holtz Deckle Cutter 8.5&#8243;<\/p>\n","protected":false},"featured_media":11291,"template":"","meta":{"_acf_changed":false},"product_brand":[],"product_cat":[131,386],"product_tag":[],"class_list":{"0":"post-11290","1":"product","2":"type-product","3":"status-publish","4":"has-post-thumbnail","6":"product_cat-outils-de-coupe-scrapbooking","7":"product_cat-tim-holtz-ranger","8":"pa_brand_nc-tim-holtz","10":"first","11":"instock","12":"taxable","13":"shipping-taxable","14":"purchasable","15":"product-type-simple"},"acf":[],"aioseo_notices":[],"_links":{"self":[{"href":"https:\/\/www.galerie-scrapbooking.com\/en\/wp-json\/wp\/v2\/product\/11290","targetHints":{"allow":["GET"]}}],"collection":[{"href":"https:\/\/www.galerie-scrapbooking.com\/en\/wp-json\/wp\/v2\/product"}],"about":[{"href":"https:\/\/www.galerie-scrapbooking.com\/en\/wp-json\/wp\/v2\/types\/product"}],"wp:featuredmedia":[{"embeddable":true,"href":"https:\/\/www.galerie-scrapbooking.com\/en\/wp-json\/wp\/v2\/media\/11291"}],"wp:attachment":[{"href":"https:\/\/www.galerie-scrapbooking.com\/en\/wp-json\/wp\/v2\/media?parent=11290"}],"wp:term":[{"taxonomy":"product_brand","embeddable":true,"href":"https:\/\/www.galerie-scrapbooking.com\/en\/wp-json\/wp\/v2\/product_brand?post=11290"},{"taxonomy":"product_cat","embeddable":true,"href":"https:\/\/www.galerie-scrapbooking.com\/en\/wp-json\/wp\/v2\/product_cat?post=11290"},{"taxonomy":"product_tag","embeddable":true,"href":"https:\/\/www.galerie-scrapbooking.com\/en\/wp-json\/wp\/v2\/product_tag?post=11290"}],"curies":[{"name":"wp","href":"https:\/\/api.w.org\/{rel}","templated":true}]}}