{"id":11246,"date":"2022-11-21T12:49:36","date_gmt":"2022-11-21T12:49:36","guid":{"rendered":"https:\/\/commparlimage.ca\/garage\/herazz\/?product=lavinia-starbrights-eco-glitter-%e2%80%93-guirlande-de-noel"},"modified":"2026-02-12T09:31:50","modified_gmt":"2026-02-12T14:31:50","slug":"lavinia-starbrights-eco-glitter-guirlande-de-noel","status":"publish","type":"product","link":"https:\/\/www.galerie-scrapbooking.com\/en\/produit\/lavinia-starbrights-eco-glitter-guirlande-de-noel\/","title":{"rendered":"Lavinia StarBrights Eco Glitter \u2013 Guirlande de No\u00ebl"},"content":{"rendered":"<h1>Lavinia StarBrights Eco Glitter \u2013 Guirlande de No\u00ebl<\/h1>\n<p>Une nouvelle gamme d&#8217;Eco Glitter m\u00e9lang\u00e9s dans des couleurs \u00e9poustouflantes.<\/p>\n<p>Fabriqu\u00e9 au Royaume-Uni \u00e0 partir de mat\u00e9riaux naturels d&#8217;origine v\u00e9g\u00e9tale durables et \u00e9thiques, pour mettre du brillant dans vos projets de scrapbooking.<\/p>\n<p>13.5 grammes de mat\u00e9riel dans un bocal de verre<\/p>\n","protected":false},"excerpt":{"rendered":"<p>Lavinia StarBrights Eco Glitter \u2013 Christmas Tinsel<\/p>\n","protected":false},"featured_media":11247,"template":"","meta":{"_acf_changed":false},"product_brand":[],"product_cat":[416],"product_tag":[],"class_list":{"0":"post-11246","1":"product","2":"type-product","3":"status-publish","4":"has-post-thumbnail","6":"product_cat-glitter-lavinia","7":"pa_brand_nc-lavinia","9":"first","10":"instock","11":"taxable","12":"shipping-taxable","13":"purchasable","14":"product-type-simple"},"acf":[],"aioseo_notices":[],"_links":{"self":[{"href":"https:\/\/www.galerie-scrapbooking.com\/en\/wp-json\/wp\/v2\/product\/11246","targetHints":{"allow":["GET"]}}],"collection":[{"href":"https:\/\/www.galerie-scrapbooking.com\/en\/wp-json\/wp\/v2\/product"}],"about":[{"href":"https:\/\/www.galerie-scrapbooking.com\/en\/wp-json\/wp\/v2\/types\/product"}],"wp:featuredmedia":[{"embeddable":true,"href":"https:\/\/www.galerie-scrapbooking.com\/en\/wp-json\/wp\/v2\/media\/11247"}],"wp:attachment":[{"href":"https:\/\/www.galerie-scrapbooking.com\/en\/wp-json\/wp\/v2\/media?parent=11246"}],"wp:term":[{"taxonomy":"product_brand","embeddable":true,"href":"https:\/\/www.galerie-scrapbooking.com\/en\/wp-json\/wp\/v2\/product_brand?post=11246"},{"taxonomy":"product_cat","embeddable":true,"href":"https:\/\/www.galerie-scrapbooking.com\/en\/wp-json\/wp\/v2\/product_cat?post=11246"},{"taxonomy":"product_tag","embeddable":true,"href":"https:\/\/www.galerie-scrapbooking.com\/en\/wp-json\/wp\/v2\/product_tag?post=11246"}],"curies":[{"name":"wp","href":"https:\/\/api.w.org\/{rel}","templated":true}]}}