{"id":11242,"date":"2022-11-21T12:40:07","date_gmt":"2022-11-21T12:40:07","guid":{"rendered":"https:\/\/commparlimage.ca\/garage\/herazz\/?product=lavinia-glitter-holographique"},"modified":"2026-02-12T09:30:00","modified_gmt":"2026-02-12T14:30:00","slug":"lavinia-glitter-holographique","status":"publish","type":"product","link":"https:\/\/www.galerie-scrapbooking.com\/en\/produit\/lavinia-glitter-holographique\/","title":{"rendered":"Lavinia Glitter Holographique"},"content":{"rendered":"<h1>Lavinia Glitter Holographique<\/h1>\n<p>Un m\u00e9lange de paillettes avec une superbe couleur r\u00e9fl\u00e9chissante, pour mettre du brillant dans vos projets de scrapbooking.<\/p>\n<p>13.5 grammes de mat\u00e9riel dans un bocal de verre<\/p>\n","protected":false},"excerpt":{"rendered":"<p>Lavinia Holographic Glitter<\/p>\n","protected":false},"featured_media":11243,"template":"","meta":{"_acf_changed":false},"product_brand":[],"product_cat":[416],"product_tag":[],"class_list":{"0":"post-11242","1":"product","2":"type-product","3":"status-publish","4":"has-post-thumbnail","6":"product_cat-glitter-lavinia","7":"pa_brand_nc-lavinia","9":"first","10":"instock","11":"taxable","12":"shipping-taxable","13":"purchasable","14":"product-type-simple"},"acf":[],"aioseo_notices":[],"_links":{"self":[{"href":"https:\/\/www.galerie-scrapbooking.com\/en\/wp-json\/wp\/v2\/product\/11242","targetHints":{"allow":["GET"]}}],"collection":[{"href":"https:\/\/www.galerie-scrapbooking.com\/en\/wp-json\/wp\/v2\/product"}],"about":[{"href":"https:\/\/www.galerie-scrapbooking.com\/en\/wp-json\/wp\/v2\/types\/product"}],"wp:featuredmedia":[{"embeddable":true,"href":"https:\/\/www.galerie-scrapbooking.com\/en\/wp-json\/wp\/v2\/media\/11243"}],"wp:attachment":[{"href":"https:\/\/www.galerie-scrapbooking.com\/en\/wp-json\/wp\/v2\/media?parent=11242"}],"wp:term":[{"taxonomy":"product_brand","embeddable":true,"href":"https:\/\/www.galerie-scrapbooking.com\/en\/wp-json\/wp\/v2\/product_brand?post=11242"},{"taxonomy":"product_cat","embeddable":true,"href":"https:\/\/www.galerie-scrapbooking.com\/en\/wp-json\/wp\/v2\/product_cat?post=11242"},{"taxonomy":"product_tag","embeddable":true,"href":"https:\/\/www.galerie-scrapbooking.com\/en\/wp-json\/wp\/v2\/product_tag?post=11242"}],"curies":[{"name":"wp","href":"https:\/\/api.w.org\/{rel}","templated":true}]}}