{"id":11232,"date":"2022-11-16T13:05:35","date_gmt":"2022-11-16T13:05:35","guid":{"rendered":"https:\/\/commparlimage.ca\/garage\/herazz\/?product=tim-holtz-etampe-collage-festif"},"modified":"2024-11-20T11:51:25","modified_gmt":"2024-11-20T16:51:25","slug":"tim-holtz-etampe-collage-festif","status":"publish","type":"product","link":"https:\/\/www.galerie-scrapbooking.com\/en\/produit\/tim-holtz-etampe-collage-festif\/","title":{"rendered":"Tim Holtz \u00c9tampe Collage Festif"},"content":{"rendered":"<h1>Tim Holtz \u00c9tampe Collage Festif<\/h1>\n<p><strong>Ces tampons en caoutchouc rouge<\/strong> sont mont\u00e9s sur de la mousse adh\u00e9sive pour que vous puissiez les utiliser avec n&#8217;importe quel bloc acrylique (vendu s\u00e9par\u00e9ment).<\/p>\n<p>Id\u00e9al pour une utilisation avec les techniques Distress de Tim ! Les tampons sont livr\u00e9s sur une feuille perfor\u00e9e \u00e0 3 trous pour un rangement facile.<\/p>\n<p>Grandeur approximative: 7.0 x 8.5 pouces<\/p>\n","protected":false},"excerpt":{"rendered":"<p>Tim Holtz Cling Stamps 7&#8243;X8.5&#8243; &#8211; Festive Collage<\/p>\n","protected":false},"featured_media":11233,"template":"","meta":{"_acf_changed":false},"product_brand":[],"product_cat":[122],"product_tag":[],"class_list":{"0":"post-11232","1":"product","2":"type-product","3":"status-publish","4":"has-post-thumbnail","6":"product_cat-etampes-tim-holtz","7":"pa_brand_nc-tim-holtz","9":"first","10":"instock","11":"taxable","12":"shipping-taxable","13":"purchasable","14":"product-type-simple"},"acf":[],"aioseo_notices":[],"_links":{"self":[{"href":"https:\/\/www.galerie-scrapbooking.com\/en\/wp-json\/wp\/v2\/product\/11232","targetHints":{"allow":["GET"]}}],"collection":[{"href":"https:\/\/www.galerie-scrapbooking.com\/en\/wp-json\/wp\/v2\/product"}],"about":[{"href":"https:\/\/www.galerie-scrapbooking.com\/en\/wp-json\/wp\/v2\/types\/product"}],"wp:featuredmedia":[{"embeddable":true,"href":"https:\/\/www.galerie-scrapbooking.com\/en\/wp-json\/wp\/v2\/media\/11233"}],"wp:attachment":[{"href":"https:\/\/www.galerie-scrapbooking.com\/en\/wp-json\/wp\/v2\/media?parent=11232"}],"wp:term":[{"taxonomy":"product_brand","embeddable":true,"href":"https:\/\/www.galerie-scrapbooking.com\/en\/wp-json\/wp\/v2\/product_brand?post=11232"},{"taxonomy":"product_cat","embeddable":true,"href":"https:\/\/www.galerie-scrapbooking.com\/en\/wp-json\/wp\/v2\/product_cat?post=11232"},{"taxonomy":"product_tag","embeddable":true,"href":"https:\/\/www.galerie-scrapbooking.com\/en\/wp-json\/wp\/v2\/product_tag?post=11232"}],"curies":[{"name":"wp","href":"https:\/\/api.w.org\/{rel}","templated":true}]}}