{"id":11226,"date":"2022-11-16T12:53:15","date_gmt":"2022-11-16T12:53:15","guid":{"rendered":"https:\/\/commparlimage.ca\/garage\/herazz\/?product=stylo-gelly-roll-ensemble-de-10-metallique-couleurs-assorties"},"modified":"2025-12-29T10:33:30","modified_gmt":"2025-12-29T15:33:30","slug":"stylo-gelly-roll-ensemble-de-10-metallique-couleurs-assorties","status":"publish","type":"product","link":"https:\/\/www.galerie-scrapbooking.com\/en\/produit\/stylo-gelly-roll-ensemble-de-10-metallique-couleurs-assorties\/","title":{"rendered":"Stylo Gelly roll ensemble de 10 M\u00e9tallique Couleurs assorties"},"content":{"rendered":"<h1>Stylo Gelly roll ensemble de 10 M\u00e9tallique Couleurs assorties<\/h1>\n<p>Ensemble de stylos gel SAKURA-Gelly Roll : couleurs assorties. Taille : ligne de 0.4 mm \u00e0 bille roulante.<\/p>\n<p>Le stylo Gelly Roll a une encre fluide et haute performance avec des couleurs vraies et riches.<\/p>\n<p>Il adh\u00e8re aux surfaces mates et brillantes. Id\u00e9al pour le scrapbooking ou la journalisation sur des papiers clairs et fonc\u00e9s.<\/p>\n<p>Ce paquet contient dix stylos, deux or, argent, cuivre, bleu, violet, rose, vert, bleu sarcelle et rouge<\/p>\n","protected":false},"excerpt":{"rendered":"<p>Gelly Roll Metallic Medium Point Pens 10\/Pkg &#8211; Assorted Colors<\/p>\n","protected":false},"featured_media":11227,"template":"","meta":{"_acf_changed":false},"product_brand":[],"product_cat":[78],"product_tag":[],"class_list":{"0":"post-11226","1":"product","2":"type-product","3":"status-publish","4":"has-post-thumbnail","6":"product_cat-signo-sakura","7":"pa_brand_nc-sakura","9":"first","10":"outofstock","11":"taxable","12":"shipping-taxable","13":"purchasable","14":"product-type-simple"},"acf":[],"aioseo_notices":[],"_links":{"self":[{"href":"https:\/\/www.galerie-scrapbooking.com\/en\/wp-json\/wp\/v2\/product\/11226","targetHints":{"allow":["GET"]}}],"collection":[{"href":"https:\/\/www.galerie-scrapbooking.com\/en\/wp-json\/wp\/v2\/product"}],"about":[{"href":"https:\/\/www.galerie-scrapbooking.com\/en\/wp-json\/wp\/v2\/types\/product"}],"wp:featuredmedia":[{"embeddable":true,"href":"https:\/\/www.galerie-scrapbooking.com\/en\/wp-json\/wp\/v2\/media\/11227"}],"wp:attachment":[{"href":"https:\/\/www.galerie-scrapbooking.com\/en\/wp-json\/wp\/v2\/media?parent=11226"}],"wp:term":[{"taxonomy":"product_brand","embeddable":true,"href":"https:\/\/www.galerie-scrapbooking.com\/en\/wp-json\/wp\/v2\/product_brand?post=11226"},{"taxonomy":"product_cat","embeddable":true,"href":"https:\/\/www.galerie-scrapbooking.com\/en\/wp-json\/wp\/v2\/product_cat?post=11226"},{"taxonomy":"product_tag","embeddable":true,"href":"https:\/\/www.galerie-scrapbooking.com\/en\/wp-json\/wp\/v2\/product_tag?post=11226"}],"curies":[{"name":"wp","href":"https:\/\/api.w.org\/{rel}","templated":true}]}}