{"id":11155,"date":"2022-11-05T18:34:26","date_gmt":"2022-11-05T18:34:26","guid":{"rendered":"https:\/\/commparlimage.ca\/garage\/herazz\/?product=lavinia-etampe-nia"},"modified":"2026-04-06T13:40:00","modified_gmt":"2026-04-06T17:40:00","slug":"lavinia-etampe-nia","status":"publish","type":"product","link":"https:\/\/www.galerie-scrapbooking.com\/en\/produit\/lavinia-etampe-nia\/","title":{"rendered":"Lavinia \u00c9tampe Nia"},"content":{"rendered":"<h1>Lavinia \u00c9tampe Nia<\/h1>\n<p>Propres, clairs et faciles \u00e0 utiliser, ils sont fabriqu\u00e9s \u00e0 partir de r\u00e9sine transparente de haute qualit\u00e9, pr\u00eats \u00e0 \u00eatre mont\u00e9s sur des blocs d&#8217;estampage en acrylique transparent, vous pouvez maintenant voir clairement \u00e0 travers exactement o\u00f9 vous tamponnez &#8211; donc plus d&#8217;images tordues !<\/p>\n<p>La r\u00e9sine polym\u00e8re transparente utilis\u00e9e pour fabriquer ces tampons leur permet de s&#8217;accrocher au bloc acrylique sans avoir besoin d&#8217;adh\u00e9sif.<br \/>\nTous nos motifs sont livr\u00e9s \u00e0 plat sur une feuille d&#8217;ac\u00e9tate et se d\u00e9collent facilement pr\u00eats \u00e0 l&#8217;emploi.<\/p>\n<p>Une fois que vous avez termin\u00e9 votre projet, d\u00e9collez simplement vos tampons des blocs acryliques. Un lavage rapide avec du savon et de l&#8217;eau, et ils sont pr\u00eats \u00e0 \u00eatre remis sur la feuille d&#8217;ac\u00e9tate pour un rangement facile.<\/p>\n<p>Dimension approximative: 4.5 x 3.0 cm.<\/p>\n","protected":false},"excerpt":{"rendered":"<p>Lavinia Stamp &#8211; Nia<\/p>\n","protected":false},"featured_media":11156,"template":"","meta":{"_acf_changed":false},"product_brand":[],"product_cat":[422,342],"product_tag":[],"class_list":{"0":"post-11155","1":"product","2":"type-product","3":"status-publish","4":"has-post-thumbnail","6":"product_cat-fees","7":"product_cat-etampes-lavinia","8":"pa_brand_nc-lavinia","10":"first","11":"instock","12":"taxable","13":"shipping-taxable","14":"purchasable","15":"product-type-simple"},"acf":[],"aioseo_notices":[],"_links":{"self":[{"href":"https:\/\/www.galerie-scrapbooking.com\/en\/wp-json\/wp\/v2\/product\/11155","targetHints":{"allow":["GET"]}}],"collection":[{"href":"https:\/\/www.galerie-scrapbooking.com\/en\/wp-json\/wp\/v2\/product"}],"about":[{"href":"https:\/\/www.galerie-scrapbooking.com\/en\/wp-json\/wp\/v2\/types\/product"}],"wp:featuredmedia":[{"embeddable":true,"href":"https:\/\/www.galerie-scrapbooking.com\/en\/wp-json\/wp\/v2\/media\/11156"}],"wp:attachment":[{"href":"https:\/\/www.galerie-scrapbooking.com\/en\/wp-json\/wp\/v2\/media?parent=11155"}],"wp:term":[{"taxonomy":"product_brand","embeddable":true,"href":"https:\/\/www.galerie-scrapbooking.com\/en\/wp-json\/wp\/v2\/product_brand?post=11155"},{"taxonomy":"product_cat","embeddable":true,"href":"https:\/\/www.galerie-scrapbooking.com\/en\/wp-json\/wp\/v2\/product_cat?post=11155"},{"taxonomy":"product_tag","embeddable":true,"href":"https:\/\/www.galerie-scrapbooking.com\/en\/wp-json\/wp\/v2\/product_tag?post=11155"}],"curies":[{"name":"wp","href":"https:\/\/api.w.org\/{rel}","templated":true}]}}