{"id":11147,"date":"2022-11-05T18:22:50","date_gmt":"2022-11-05T18:22:50","guid":{"rendered":"https:\/\/commparlimage.ca\/garage\/herazz\/?product=lavinia-etampe-branche-feuilles-gland-de-chene"},"modified":"2025-02-27T13:17:25","modified_gmt":"2025-02-27T18:17:25","slug":"lavinia-etampe-branche-feuilles-gland-de-chene","status":"publish","type":"product","link":"https:\/\/www.galerie-scrapbooking.com\/en\/produit\/lavinia-etampe-branche-feuilles-gland-de-chene\/","title":{"rendered":"Lavinia \u00c9tampe Branche, Feuilles &#038; Gland de Ch\u00eane"},"content":{"rendered":"<p>Un ensemble de trois \u00e9tampes pr\u00e9sentant des illustrations d&#8217;une branche de feuille de ch\u00eane, d&#8217;une feuille de ch\u00eane individuelle et d&#8217;un petit gland.<\/p>\n<p>Ces \u00e9tampes constituent d&#8217;excellents ajouts \u00e0 vos pages ou cartes de scrapbooking.<\/p>\n<p>&nbsp;<\/p>\n<p>Dimension approximative: 6.5 x 3.5 cm &#8211; 2.0 x 1.5 cm &#8211; 1.0 x 1.0 cm.<\/p>\n","protected":false},"excerpt":{"rendered":"<p>Lavinia Stamp &#8211; Oak Leaf Branch<\/p>\n","protected":false},"featured_media":11148,"template":"","meta":{"_acf_changed":false},"product_brand":[],"product_cat":[423,342],"product_tag":[],"class_list":{"0":"post-11147","1":"product","2":"type-product","3":"status-publish","4":"has-post-thumbnail","6":"product_cat-fleurs-feuillage","7":"product_cat-etampes-lavinia","8":"pa_brand_nc-lavinia","10":"first","11":"instock","12":"taxable","13":"shipping-taxable","14":"purchasable","15":"product-type-simple"},"acf":[],"aioseo_notices":[],"_links":{"self":[{"href":"https:\/\/www.galerie-scrapbooking.com\/en\/wp-json\/wp\/v2\/product\/11147","targetHints":{"allow":["GET"]}}],"collection":[{"href":"https:\/\/www.galerie-scrapbooking.com\/en\/wp-json\/wp\/v2\/product"}],"about":[{"href":"https:\/\/www.galerie-scrapbooking.com\/en\/wp-json\/wp\/v2\/types\/product"}],"wp:featuredmedia":[{"embeddable":true,"href":"https:\/\/www.galerie-scrapbooking.com\/en\/wp-json\/wp\/v2\/media\/11148"}],"wp:attachment":[{"href":"https:\/\/www.galerie-scrapbooking.com\/en\/wp-json\/wp\/v2\/media?parent=11147"}],"wp:term":[{"taxonomy":"product_brand","embeddable":true,"href":"https:\/\/www.galerie-scrapbooking.com\/en\/wp-json\/wp\/v2\/product_brand?post=11147"},{"taxonomy":"product_cat","embeddable":true,"href":"https:\/\/www.galerie-scrapbooking.com\/en\/wp-json\/wp\/v2\/product_cat?post=11147"},{"taxonomy":"product_tag","embeddable":true,"href":"https:\/\/www.galerie-scrapbooking.com\/en\/wp-json\/wp\/v2\/product_tag?post=11147"}],"curies":[{"name":"wp","href":"https:\/\/api.w.org\/{rel}","templated":true}]}}