{"id":11143,"date":"2022-11-05T18:17:54","date_gmt":"2022-11-05T18:17:54","guid":{"rendered":"https:\/\/commparlimage.ca\/garage\/herazz\/?product=lavinia-etampe-feuilles-de-chene"},"modified":"2026-02-10T09:14:47","modified_gmt":"2026-02-10T14:14:47","slug":"lavinia-etampe-feuilles-de-chene","status":"publish","type":"product","link":"https:\/\/www.galerie-scrapbooking.com\/en\/produit\/lavinia-etampe-feuilles-de-chene\/","title":{"rendered":"Lavinia \u00c9tampe Feuilles de Ch\u00eane"},"content":{"rendered":"<h1>Lavinia \u00c9tampe Feuilles de Ch\u00eane<\/h1>\n<p>Un ensemble de deux \u00e9tampes silhouette en forme de feuille de ch\u00eane.<\/p>\n<p>Ces \u00e9tampes pr\u00e9sentent de belles silhouettes d&#8217;une petite feuille de ch\u00eane et de glands et s&#8217;agencent parfaitement avec les \u00e9tampes d&#8217;arbres.<\/p>\n<p>Dimension approximative: 2.0 x 3.5 cm &#8211; 1.5 x 1.5 cm.<\/p>\n","protected":false},"excerpt":{"rendered":"<p>Lavinia Stamp &#8211; Oak Leaf Flourish<\/p>\n","protected":false},"featured_media":11144,"template":"","meta":{"_acf_changed":false},"product_brand":[],"product_cat":[423,342],"product_tag":[],"class_list":{"0":"post-11143","1":"product","2":"type-product","3":"status-publish","4":"has-post-thumbnail","6":"product_cat-fleurs-feuillage","7":"product_cat-etampes-lavinia","8":"pa_brand_nc-lavinia","10":"first","11":"instock","12":"taxable","13":"shipping-taxable","14":"purchasable","15":"product-type-simple"},"acf":[],"aioseo_notices":[],"_links":{"self":[{"href":"https:\/\/www.galerie-scrapbooking.com\/en\/wp-json\/wp\/v2\/product\/11143","targetHints":{"allow":["GET"]}}],"collection":[{"href":"https:\/\/www.galerie-scrapbooking.com\/en\/wp-json\/wp\/v2\/product"}],"about":[{"href":"https:\/\/www.galerie-scrapbooking.com\/en\/wp-json\/wp\/v2\/types\/product"}],"wp:featuredmedia":[{"embeddable":true,"href":"https:\/\/www.galerie-scrapbooking.com\/en\/wp-json\/wp\/v2\/media\/11144"}],"wp:attachment":[{"href":"https:\/\/www.galerie-scrapbooking.com\/en\/wp-json\/wp\/v2\/media?parent=11143"}],"wp:term":[{"taxonomy":"product_brand","embeddable":true,"href":"https:\/\/www.galerie-scrapbooking.com\/en\/wp-json\/wp\/v2\/product_brand?post=11143"},{"taxonomy":"product_cat","embeddable":true,"href":"https:\/\/www.galerie-scrapbooking.com\/en\/wp-json\/wp\/v2\/product_cat?post=11143"},{"taxonomy":"product_tag","embeddable":true,"href":"https:\/\/www.galerie-scrapbooking.com\/en\/wp-json\/wp\/v2\/product_tag?post=11143"}],"curies":[{"name":"wp","href":"https:\/\/api.w.org\/{rel}","templated":true}]}}