{"id":11110,"date":"2022-10-25T17:57:51","date_gmt":"2022-10-25T17:57:51","guid":{"rendered":"https:\/\/commparlimage.ca\/garage\/herazz\/?product=49-and-market-washi-tape-campagne-vintage"},"modified":"2024-02-15T17:35:45","modified_gmt":"2024-02-15T22:35:45","slug":"49-and-market-washi-tape-campagne-vintage","status":"publish","type":"product","link":"https:\/\/www.galerie-scrapbooking.com\/en\/produit\/49-and-market-washi-tape-campagne-vintage\/","title":{"rendered":"49 And Market Washi Tape Campagne vintage"},"content":{"rendered":"<p>Un rouleau de ruban adh\u00e9sif washi pr\u00e9d\u00e9coup\u00e9.<\/p>\n<p>Le rouleau de ruban adh\u00e9sif contient de beaux timbres con\u00e7us avec des fleurs et des sentiments de No\u00ebl sur des timbres-poste mesurant chacun 1 x 1,25 pouces.<\/p>\n<p>Les tampons peuvent \u00eatre utilis\u00e9s pour d\u00e9corer des journaux, des pages de scrapbooking et d&#8217;autres projets.<\/p>\n<p>Le rouleau mesure 5 m\u00e8tres de long<\/p>\n","protected":false},"excerpt":{"rendered":"<p>49 And Market Washi Tape Roll &#8211; Vintage Artistry Countryside<\/p>\n","protected":false},"featured_media":11111,"template":"","meta":{"_acf_changed":false},"product_brand":[],"product_cat":[45,217],"product_tag":[],"class_list":{"0":"post-11110","1":"product","2":"type-product","3":"status-publish","4":"has-post-thumbnail","6":"product_cat-adhesifs-autres","7":"product_cat-washi-tape-scrapbooking","8":"pa_brand_nc-49-and-market","10":"first","11":"instock","12":"taxable","13":"shipping-taxable","14":"purchasable","15":"product-type-simple"},"acf":[],"aioseo_notices":[],"_links":{"self":[{"href":"https:\/\/www.galerie-scrapbooking.com\/en\/wp-json\/wp\/v2\/product\/11110","targetHints":{"allow":["GET"]}}],"collection":[{"href":"https:\/\/www.galerie-scrapbooking.com\/en\/wp-json\/wp\/v2\/product"}],"about":[{"href":"https:\/\/www.galerie-scrapbooking.com\/en\/wp-json\/wp\/v2\/types\/product"}],"wp:featuredmedia":[{"embeddable":true,"href":"https:\/\/www.galerie-scrapbooking.com\/en\/wp-json\/wp\/v2\/media\/11111"}],"wp:attachment":[{"href":"https:\/\/www.galerie-scrapbooking.com\/en\/wp-json\/wp\/v2\/media?parent=11110"}],"wp:term":[{"taxonomy":"product_brand","embeddable":true,"href":"https:\/\/www.galerie-scrapbooking.com\/en\/wp-json\/wp\/v2\/product_brand?post=11110"},{"taxonomy":"product_cat","embeddable":true,"href":"https:\/\/www.galerie-scrapbooking.com\/en\/wp-json\/wp\/v2\/product_cat?post=11110"},{"taxonomy":"product_tag","embeddable":true,"href":"https:\/\/www.galerie-scrapbooking.com\/en\/wp-json\/wp\/v2\/product_tag?post=11110"}],"curies":[{"name":"wp","href":"https:\/\/api.w.org\/{rel}","templated":true}]}}