{"id":11107,"date":"2022-10-25T17:54:21","date_gmt":"2022-10-25T17:54:21","guid":{"rendered":"https:\/\/commparlimage.ca\/garage\/herazz\/?product=49-and-market-pad-6-x-8-campagne-vintage"},"modified":"2024-09-08T10:30:08","modified_gmt":"2024-09-08T14:30:08","slug":"49-and-market-pad-6-x-8-campagne-vintage","status":"publish","type":"product","link":"https:\/\/www.galerie-scrapbooking.com\/en\/produit\/49-and-market-pad-6-x-8-campagne-vintage\/","title":{"rendered":"49 and Market Pad 6&#8243; X 8&#8243; Campagne vintage"},"content":{"rendered":"<p>Ce pad de Collection Alena de 6 x 8 pouces comprend un total de 28 papiers recto-verso (3 de chacun des 9 motifs recto-verso) plus 1 papier \u00e9l\u00e9ment d\u00e9coup\u00e9.<\/p>\n<p>Les couvertures avant et arri\u00e8re ont des papiers \u00e0 motifs suppl\u00e9mentaires au verso<\/p>\n","protected":false},"excerpt":{"rendered":"<p>49 &amp; Market Collection Pack 6&#8243;X8&#8243; &#8211; Vintage Artistry Countryside<\/p>\n","protected":false},"featured_media":11108,"template":"","meta":{"_acf_changed":false},"product_brand":[],"product_cat":[411],"product_tag":[],"class_list":{"0":"post-11107","1":"product","2":"type-product","3":"status-publish","4":"has-post-thumbnail","6":"product_cat-ensemble-autre","7":"pa_brand_nc-49-and-market","9":"first","10":"instock","11":"taxable","12":"shipping-taxable","13":"purchasable","14":"product-type-simple"},"acf":[],"aioseo_notices":[],"_links":{"self":[{"href":"https:\/\/www.galerie-scrapbooking.com\/en\/wp-json\/wp\/v2\/product\/11107","targetHints":{"allow":["GET"]}}],"collection":[{"href":"https:\/\/www.galerie-scrapbooking.com\/en\/wp-json\/wp\/v2\/product"}],"about":[{"href":"https:\/\/www.galerie-scrapbooking.com\/en\/wp-json\/wp\/v2\/types\/product"}],"wp:featuredmedia":[{"embeddable":true,"href":"https:\/\/www.galerie-scrapbooking.com\/en\/wp-json\/wp\/v2\/media\/11108"}],"wp:attachment":[{"href":"https:\/\/www.galerie-scrapbooking.com\/en\/wp-json\/wp\/v2\/media?parent=11107"}],"wp:term":[{"taxonomy":"product_brand","embeddable":true,"href":"https:\/\/www.galerie-scrapbooking.com\/en\/wp-json\/wp\/v2\/product_brand?post=11107"},{"taxonomy":"product_cat","embeddable":true,"href":"https:\/\/www.galerie-scrapbooking.com\/en\/wp-json\/wp\/v2\/product_cat?post=11107"},{"taxonomy":"product_tag","embeddable":true,"href":"https:\/\/www.galerie-scrapbooking.com\/en\/wp-json\/wp\/v2\/product_tag?post=11107"}],"curies":[{"name":"wp","href":"https:\/\/api.w.org\/{rel}","templated":true}]}}