{"id":11084,"date":"2022-10-24T21:59:18","date_gmt":"2022-10-24T21:59:18","guid":{"rendered":"https:\/\/commparlimage.ca\/garage\/herazz\/?product=lavinia-brosse-pour-stencil-58-pouce-serie-7"},"modified":"2026-03-01T09:32:04","modified_gmt":"2026-03-01T14:32:04","slug":"lavinia-brosse-pour-stencil-5-8-pouce","status":"publish","type":"product","link":"https:\/\/www.galerie-scrapbooking.com\/en\/produit\/lavinia-brosse-pour-stencil-5-8-pouce\/","title":{"rendered":"Lavinia Brosse pour Stencil 5\/8 pouce Serie 7"},"content":{"rendered":"<h1>Lavinia Brosse pour Stencil 5\/8 pouce Serie 7<\/h1>\n<p>Pinceau \u00e0 pochoir sup\u00e9rieur de Lavinia.<\/p>\n<p>Fabriqu\u00e9 selon les normes les plus \u00e9lev\u00e9es \u00e0 l&#8217;aide de poils synth\u00e9tiques blancs, ce pinceau de 1\/4 de pouce est dot\u00e9 de pointes multi-diam\u00e8tres pour garantir la r\u00e9sistance et la douceur d&#8217;un poil naturel.<\/p>\n","protected":false},"excerpt":{"rendered":"<p>Lavinia Stencil Brush 5\/8 inch<\/p>\n","protected":false},"featured_media":11085,"template":"","meta":{"_acf_changed":false},"product_brand":[],"product_cat":[115,246,132],"product_tag":[],"class_list":{"0":"post-11084","1":"product","2":"type-product","3":"status-publish","4":"has-post-thumbnail","6":"product_cat-encres-accessoires","7":"product_cat-masques-scrapbooking-autres","8":"product_cat-outils-accessoires-autres","9":"pa_brand_nc-lavinia","11":"first","12":"instock","13":"taxable","14":"shipping-taxable","15":"purchasable","16":"product-type-simple"},"acf":[],"aioseo_notices":[],"_links":{"self":[{"href":"https:\/\/www.galerie-scrapbooking.com\/en\/wp-json\/wp\/v2\/product\/11084","targetHints":{"allow":["GET"]}}],"collection":[{"href":"https:\/\/www.galerie-scrapbooking.com\/en\/wp-json\/wp\/v2\/product"}],"about":[{"href":"https:\/\/www.galerie-scrapbooking.com\/en\/wp-json\/wp\/v2\/types\/product"}],"wp:featuredmedia":[{"embeddable":true,"href":"https:\/\/www.galerie-scrapbooking.com\/en\/wp-json\/wp\/v2\/media\/11085"}],"wp:attachment":[{"href":"https:\/\/www.galerie-scrapbooking.com\/en\/wp-json\/wp\/v2\/media?parent=11084"}],"wp:term":[{"taxonomy":"product_brand","embeddable":true,"href":"https:\/\/www.galerie-scrapbooking.com\/en\/wp-json\/wp\/v2\/product_brand?post=11084"},{"taxonomy":"product_cat","embeddable":true,"href":"https:\/\/www.galerie-scrapbooking.com\/en\/wp-json\/wp\/v2\/product_cat?post=11084"},{"taxonomy":"product_tag","embeddable":true,"href":"https:\/\/www.galerie-scrapbooking.com\/en\/wp-json\/wp\/v2\/product_tag?post=11084"}],"curies":[{"name":"wp","href":"https:\/\/api.w.org\/{rel}","templated":true}]}}