{"id":11082,"date":"2022-10-24T21:55:48","date_gmt":"2022-10-24T21:55:48","guid":{"rendered":"https:\/\/commparlimage.ca\/garage\/herazz\/?product=lavinia-feuilles-de-masquage"},"modified":"2026-04-06T14:07:48","modified_gmt":"2026-04-06T18:07:48","slug":"lavinia-feuilles-de-masquage","status":"publish","type":"product","link":"https:\/\/www.galerie-scrapbooking.com\/en\/produit\/lavinia-feuilles-de-masquage\/","title":{"rendered":"Lavinia Feuilles de masquage"},"content":{"rendered":"<h1>Lavinia Feuilles de masquage<\/h1>\n<p>De Lavinia, lot de quatre feuilles de masquage A4 \u00e0 faible adh\u00e9rence (296 x 210 mm)<\/p>\n<p>Id\u00e9al pour les ciseaux, la d\u00e9coupe et le poin\u00e7onnage<\/p>\n<p>Vid\u00e9o de d\u00e9monstration:<\/p>\n<p><iframe loading=\"lazy\" title=\"YouTube video player\" src=\"https:\/\/www.youtube.com\/embed\/Ch_uER2SCuM\" width=\"560\" height=\"315\" frameborder=\"0\" allowfullscreen=\"allowfullscreen\"><\/iframe><\/p>\n","protected":false},"excerpt":{"rendered":"<p>Lavinia Masking Sheets<\/p>\n","protected":false},"featured_media":11083,"template":"","meta":{"_acf_changed":false},"product_brand":[],"product_cat":[123,246,143],"product_tag":[],"class_list":{"0":"post-11082","1":"product","2":"type-product","3":"status-publish","4":"has-post-thumbnail","6":"product_cat-etampe-scrapbooking-accessoires","7":"product_cat-masques-scrapbooking-autres","8":"product_cat-papier-scrapbooking-autres","9":"pa_brand_nc-lavinia","11":"first","12":"instock","13":"taxable","14":"shipping-taxable","15":"purchasable","16":"product-type-simple"},"acf":[],"aioseo_notices":[],"_links":{"self":[{"href":"https:\/\/www.galerie-scrapbooking.com\/en\/wp-json\/wp\/v2\/product\/11082","targetHints":{"allow":["GET"]}}],"collection":[{"href":"https:\/\/www.galerie-scrapbooking.com\/en\/wp-json\/wp\/v2\/product"}],"about":[{"href":"https:\/\/www.galerie-scrapbooking.com\/en\/wp-json\/wp\/v2\/types\/product"}],"wp:featuredmedia":[{"embeddable":true,"href":"https:\/\/www.galerie-scrapbooking.com\/en\/wp-json\/wp\/v2\/media\/11083"}],"wp:attachment":[{"href":"https:\/\/www.galerie-scrapbooking.com\/en\/wp-json\/wp\/v2\/media?parent=11082"}],"wp:term":[{"taxonomy":"product_brand","embeddable":true,"href":"https:\/\/www.galerie-scrapbooking.com\/en\/wp-json\/wp\/v2\/product_brand?post=11082"},{"taxonomy":"product_cat","embeddable":true,"href":"https:\/\/www.galerie-scrapbooking.com\/en\/wp-json\/wp\/v2\/product_cat?post=11082"},{"taxonomy":"product_tag","embeddable":true,"href":"https:\/\/www.galerie-scrapbooking.com\/en\/wp-json\/wp\/v2\/product_tag?post=11082"}],"curies":[{"name":"wp","href":"https:\/\/api.w.org\/{rel}","templated":true}]}}