{"id":11065,"date":"2022-10-18T17:53:54","date_gmt":"2022-10-18T17:53:54","guid":{"rendered":"https:\/\/commparlimage.ca\/garage\/herazz\/?product=cinch-10-protecteurs-de-page-5x7"},"modified":"2025-04-13T10:38:59","modified_gmt":"2025-04-13T14:38:59","slug":"cinch-10-protecteurs-de-page-5-x7","status":"publish","type":"product","link":"https:\/\/www.galerie-scrapbooking.com\/en\/produit\/cinch-10-protecteurs-de-page-5-x7\/","title":{"rendered":"Cinch 10 Protecteurs de Page 5&#8243;X7&#8243;"},"content":{"rendered":"<p>La machine \u00e0 relier Cinch de We R Memory Keepers rend la reliure rapide, facile et abordable. Percez des trous parfaits avec un espacement des trous personnalisable sur n&#8217;importe quel projet de taille.<\/p>\n<p>Enfilez ensuite les couvertures et les pages sur le fil de reliure Cinch.<\/p>\n<p>Terminez le tout avec ces protecteurs de page pour le prot\u00e9ger de l&#8217;eau et d&#8217;autres \u00e9l\u00e9ments.Chacun a des trous pr\u00e9-perfor\u00e9s.<\/p>\n","protected":false},"excerpt":{"rendered":"<p>We R Memory Keepers Cinch Page Protectors 5&#8243;X7&#8243; 10\/Pkg<\/p>\n","protected":false},"featured_media":11066,"template":"","meta":{"_acf_changed":false},"product_brand":[],"product_cat":[176],"product_tag":[],"class_list":{"0":"post-11065","1":"product","2":"type-product","3":"status-publish","4":"has-post-thumbnail","6":"product_cat-the-cinch","7":"pa_brand_nc-we-r-memory-keepers","9":"first","10":"instock","11":"taxable","12":"shipping-taxable","13":"purchasable","14":"product-type-simple"},"acf":[],"aioseo_notices":[],"_links":{"self":[{"href":"https:\/\/www.galerie-scrapbooking.com\/en\/wp-json\/wp\/v2\/product\/11065","targetHints":{"allow":["GET"]}}],"collection":[{"href":"https:\/\/www.galerie-scrapbooking.com\/en\/wp-json\/wp\/v2\/product"}],"about":[{"href":"https:\/\/www.galerie-scrapbooking.com\/en\/wp-json\/wp\/v2\/types\/product"}],"wp:featuredmedia":[{"embeddable":true,"href":"https:\/\/www.galerie-scrapbooking.com\/en\/wp-json\/wp\/v2\/media\/11066"}],"wp:attachment":[{"href":"https:\/\/www.galerie-scrapbooking.com\/en\/wp-json\/wp\/v2\/media?parent=11065"}],"wp:term":[{"taxonomy":"product_brand","embeddable":true,"href":"https:\/\/www.galerie-scrapbooking.com\/en\/wp-json\/wp\/v2\/product_brand?post=11065"},{"taxonomy":"product_cat","embeddable":true,"href":"https:\/\/www.galerie-scrapbooking.com\/en\/wp-json\/wp\/v2\/product_cat?post=11065"},{"taxonomy":"product_tag","embeddable":true,"href":"https:\/\/www.galerie-scrapbooking.com\/en\/wp-json\/wp\/v2\/product_tag?post=11065"}],"curies":[{"name":"wp","href":"https:\/\/api.w.org\/{rel}","templated":true}]}}