{"id":11025,"date":"2022-10-12T14:47:06","date_gmt":"2022-10-12T14:47:06","guid":{"rendered":"https:\/\/commparlimage.ca\/garage\/herazz\/?product=stylo-gelly-roll-ensemble-de-10-moonlight"},"modified":"2026-02-06T15:32:44","modified_gmt":"2026-02-06T20:32:44","slug":"stylo-gelly-roll-ensemble-de-10-moonlight","status":"publish","type":"product","link":"https:\/\/www.galerie-scrapbooking.com\/en\/produit\/stylo-gelly-roll-ensemble-de-10-moonlight\/","title":{"rendered":"Stylo Gelly roll ensemble de 10 Moonlight"},"content":{"rendered":"<p>Ensemble de stylos gel SAKURA-Gelly Roll : clair de lune. Taille : ligne de 0.5 mm \u00e0 bille roulante.<\/p>\n<p>Cet ensemble comprend dix couleurs lumineuses d&#8217;encre gel glac\u00e9e qui brille m\u00eame sous la lumi\u00e8re noire !<\/p>\n<p>Cette encre est permanente, imperm\u00e9able et fonctionne comme un stylo \u00e0 peinture sur tous les papiers de couleur, couvertures de rapports, v\u00e9lin et photographies.<\/p>\n<p>Ce paquet contient dix stylos, Rose, Fuscia, Violet, Sarcelle, Bleu, Jaune, Orange, Vermillion, Rose et Vert.<\/p>\n","protected":false},"excerpt":{"rendered":"<p>Gelly Roll Moonlight Bold Point Pens 10\/Pkg<\/p>\n","protected":false},"featured_media":11026,"template":"","meta":{"_acf_changed":false},"product_brand":[],"product_cat":[78],"product_tag":[],"class_list":{"0":"post-11025","1":"product","2":"type-product","3":"status-publish","4":"has-post-thumbnail","6":"product_cat-signo-sakura","7":"pa_brand_nc-sakura","9":"first","10":"instock","11":"taxable","12":"shipping-taxable","13":"purchasable","14":"product-type-simple"},"acf":[],"aioseo_notices":[],"_links":{"self":[{"href":"https:\/\/www.galerie-scrapbooking.com\/en\/wp-json\/wp\/v2\/product\/11025","targetHints":{"allow":["GET"]}}],"collection":[{"href":"https:\/\/www.galerie-scrapbooking.com\/en\/wp-json\/wp\/v2\/product"}],"about":[{"href":"https:\/\/www.galerie-scrapbooking.com\/en\/wp-json\/wp\/v2\/types\/product"}],"wp:featuredmedia":[{"embeddable":true,"href":"https:\/\/www.galerie-scrapbooking.com\/en\/wp-json\/wp\/v2\/media\/11026"}],"wp:attachment":[{"href":"https:\/\/www.galerie-scrapbooking.com\/en\/wp-json\/wp\/v2\/media?parent=11025"}],"wp:term":[{"taxonomy":"product_brand","embeddable":true,"href":"https:\/\/www.galerie-scrapbooking.com\/en\/wp-json\/wp\/v2\/product_brand?post=11025"},{"taxonomy":"product_cat","embeddable":true,"href":"https:\/\/www.galerie-scrapbooking.com\/en\/wp-json\/wp\/v2\/product_cat?post=11025"},{"taxonomy":"product_tag","embeddable":true,"href":"https:\/\/www.galerie-scrapbooking.com\/en\/wp-json\/wp\/v2\/product_tag?post=11025"}],"curies":[{"name":"wp","href":"https:\/\/api.w.org\/{rel}","templated":true}]}}