{"id":11017,"date":"2022-10-04T15:47:53","date_gmt":"2022-10-04T15:47:53","guid":{"rendered":"https:\/\/commparlimage.ca\/garage\/herazz\/?product=karen-burniston-dies-pop-up-atre-de-cheminee"},"modified":"2024-03-25T11:15:16","modified_gmt":"2024-03-25T15:15:16","slug":"karen-burniston-dies-pop-up-atre-de-cheminee","status":"publish","type":"product","link":"https:\/\/www.galerie-scrapbooking.com\/en\/produit\/karen-burniston-dies-pop-up-atre-de-cheminee\/","title":{"rendered":"Karen Burniston Dies Pop-Up Atre de chemin\u00e9e"},"content":{"rendered":"<p>Matrices de d\u00e9coupes de Karen Burniston.<\/p>\n<p>Fonctionnent avec la Cuttlebug, Sizzix Big Shot, Grand Calibur, Platinum, Etc.<\/p>\n<p>Nos matrices d&#8217;artisanat en m\u00e9tal ultra-fines sont compatibles avec la plupart des principales machines de d\u00e9coupe. Riches en valeur, ces ensembles de matrices innovants et avant-gardistes propulseront votre fabrication de papier vers de nouveaux sommets.<\/p>\n<p>8 matrices par paquet<\/p>\n<p>Vid\u00e9o de d\u00e9monstration pas \u00e0 pas:<\/p>\n<p><iframe loading=\"lazy\" title=\"YouTube video player\" src=\"https:\/\/www.youtube.com\/embed\/HN-W84r5-8M\" width=\"560\" height=\"315\" frameborder=\"0\" allowfullscreen=\"allowfullscreen\"><\/iframe><\/p>\n","protected":false},"excerpt":{"rendered":"<p>Karen Burniston Dies &#8211; Fireplace Pop-Up<\/p>\n","protected":false},"featured_media":11018,"template":"","meta":{"_acf_changed":false},"product_brand":[],"product_cat":[351],"product_tag":[],"class_list":{"0":"post-11017","1":"product","2":"type-product","3":"status-publish","4":"has-post-thumbnail","6":"product_cat-karen-burniston-dies-matrices-decoupes","7":"pa_brand_nc-karen-burniston","9":"first","10":"instock","11":"taxable","12":"shipping-taxable","13":"purchasable","14":"product-type-simple"},"acf":[],"aioseo_notices":[],"_links":{"self":[{"href":"https:\/\/www.galerie-scrapbooking.com\/en\/wp-json\/wp\/v2\/product\/11017","targetHints":{"allow":["GET"]}}],"collection":[{"href":"https:\/\/www.galerie-scrapbooking.com\/en\/wp-json\/wp\/v2\/product"}],"about":[{"href":"https:\/\/www.galerie-scrapbooking.com\/en\/wp-json\/wp\/v2\/types\/product"}],"wp:featuredmedia":[{"embeddable":true,"href":"https:\/\/www.galerie-scrapbooking.com\/en\/wp-json\/wp\/v2\/media\/11018"}],"wp:attachment":[{"href":"https:\/\/www.galerie-scrapbooking.com\/en\/wp-json\/wp\/v2\/media?parent=11017"}],"wp:term":[{"taxonomy":"product_brand","embeddable":true,"href":"https:\/\/www.galerie-scrapbooking.com\/en\/wp-json\/wp\/v2\/product_brand?post=11017"},{"taxonomy":"product_cat","embeddable":true,"href":"https:\/\/www.galerie-scrapbooking.com\/en\/wp-json\/wp\/v2\/product_cat?post=11017"},{"taxonomy":"product_tag","embeddable":true,"href":"https:\/\/www.galerie-scrapbooking.com\/en\/wp-json\/wp\/v2\/product_tag?post=11017"}],"curies":[{"name":"wp","href":"https:\/\/api.w.org\/{rel}","templated":true}]}}