{"id":10978,"date":"2022-09-27T19:33:04","date_gmt":"2022-09-27T19:33:04","guid":{"rendered":"https:\/\/commparlimage.ca\/garage\/herazz\/?product=peel-off-etoiles-de-noel-variees-or"},"modified":"2025-11-14T19:46:25","modified_gmt":"2025-11-15T00:46:25","slug":"peel-off-etoiles-de-noel-variees-or","status":"publish","type":"product","link":"https:\/\/www.galerie-scrapbooking.com\/en\/produit\/peel-off-etoiles-de-noel-variees-or\/","title":{"rendered":"Peel Off \u00c9toiles de No\u00ebl vari\u00e9es or"},"content":{"rendered":"<h1>Peel Off \u00c9toiles de No\u00ebl vari\u00e9es or<\/h1>\n<p>Les Peel Offs motifs, un must en scrapbooking! Ces autocollants m\u00e9talliques compl\u00e8tent magnifiquement vos cr\u00e9ations. Il ne suffit que les d\u00e9coller et les recoller o\u00f9 vous le d\u00e9sirez. La pince Tweezer bee et un outil tr\u00e8s pratique et utile pour d\u00e9coller nos Peel Off.<\/p>\n<p>Dimensions: 10 X 23 cm. sans acide<\/p>\n","protected":false},"excerpt":{"rendered":"<p>Peel Off Motifs Various Christmas Stars<\/p>\n","protected":false},"featured_media":10979,"template":"","meta":{"_acf_changed":false},"product_brand":[],"product_cat":[161],"product_tag":[],"class_list":{"0":"post-10978","1":"product","2":"type-product","3":"status-publish","4":"has-post-thumbnail","6":"product_cat-peel-off-motifs","7":"pa_brand_nc-doodey","9":"first","10":"instock","11":"taxable","12":"shipping-taxable","13":"purchasable","14":"product-type-simple"},"acf":[],"aioseo_notices":[],"_links":{"self":[{"href":"https:\/\/www.galerie-scrapbooking.com\/en\/wp-json\/wp\/v2\/product\/10978","targetHints":{"allow":["GET"]}}],"collection":[{"href":"https:\/\/www.galerie-scrapbooking.com\/en\/wp-json\/wp\/v2\/product"}],"about":[{"href":"https:\/\/www.galerie-scrapbooking.com\/en\/wp-json\/wp\/v2\/types\/product"}],"wp:featuredmedia":[{"embeddable":true,"href":"https:\/\/www.galerie-scrapbooking.com\/en\/wp-json\/wp\/v2\/media\/10979"}],"wp:attachment":[{"href":"https:\/\/www.galerie-scrapbooking.com\/en\/wp-json\/wp\/v2\/media?parent=10978"}],"wp:term":[{"taxonomy":"product_brand","embeddable":true,"href":"https:\/\/www.galerie-scrapbooking.com\/en\/wp-json\/wp\/v2\/product_brand?post=10978"},{"taxonomy":"product_cat","embeddable":true,"href":"https:\/\/www.galerie-scrapbooking.com\/en\/wp-json\/wp\/v2\/product_cat?post=10978"},{"taxonomy":"product_tag","embeddable":true,"href":"https:\/\/www.galerie-scrapbooking.com\/en\/wp-json\/wp\/v2\/product_tag?post=10978"}],"curies":[{"name":"wp","href":"https:\/\/api.w.org\/{rel}","templated":true}]}}