{"id":10931,"date":"2022-09-14T13:22:17","date_gmt":"2022-09-14T13:22:17","guid":{"rendered":"https:\/\/commparlimage.ca\/garage\/herazz\/?product=sizzix-plaque-embossage-3d-cranes-par-tim-holtz"},"modified":"2025-02-17T07:44:06","modified_gmt":"2025-02-17T12:44:06","slug":"sizzix-plaque-embossage-3d-cranes-par-tim-holtz","status":"publish","type":"product","link":"https:\/\/www.galerie-scrapbooking.com\/en\/produit\/sizzix-plaque-embossage-3d-cranes-par-tim-holtz\/","title":{"rendered":"Sizzix Plaque embossage 3D Cr\u00e2nes par Tim Holtz"},"content":{"rendered":"<p>Plaque d&#8217;embossage de Sizzix .Ces p\u00e9tales organiques magnifiquement en relief sont fantastiques pour tous les types d&#8217;artisanat. De la d\u00e9coration \u00e0 la maison, \u00e0 la fabrication de cartes et au scrapbooking<\/p>\n<p>Fonctionnent avec laSwitch, Cuttlebug, Big Shot, Vagabond, Platinum, Grand Calibur, Etc.<\/p>\n<p>Dimensions approximatives:<\/p>\n<p>6 1\/4&#8243; x 4 1\/4&#8243;<\/p>\n","protected":false},"excerpt":{"rendered":"<p>Sizzix 3-D Texture Fades Embossing Folder by Tim Holtz &#8211; Skulls<\/p>\n","protected":false},"featured_media":10932,"template":"","meta":{"_acf_changed":false},"product_brand":[],"product_cat":[202,203],"product_tag":[],"class_list":{"0":"post-10931","1":"product","2":"type-product","3":"status-publish","4":"has-post-thumbnail","6":"product_cat-plaques-embossage","7":"product_cat-embossage-sizzix-timholtz","8":"pa_brand_nc-sizzix","10":"first","11":"instock","12":"taxable","13":"shipping-taxable","14":"purchasable","15":"product-type-simple"},"acf":[],"aioseo_notices":[],"_links":{"self":[{"href":"https:\/\/www.galerie-scrapbooking.com\/en\/wp-json\/wp\/v2\/product\/10931","targetHints":{"allow":["GET"]}}],"collection":[{"href":"https:\/\/www.galerie-scrapbooking.com\/en\/wp-json\/wp\/v2\/product"}],"about":[{"href":"https:\/\/www.galerie-scrapbooking.com\/en\/wp-json\/wp\/v2\/types\/product"}],"wp:featuredmedia":[{"embeddable":true,"href":"https:\/\/www.galerie-scrapbooking.com\/en\/wp-json\/wp\/v2\/media\/10932"}],"wp:attachment":[{"href":"https:\/\/www.galerie-scrapbooking.com\/en\/wp-json\/wp\/v2\/media?parent=10931"}],"wp:term":[{"taxonomy":"product_brand","embeddable":true,"href":"https:\/\/www.galerie-scrapbooking.com\/en\/wp-json\/wp\/v2\/product_brand?post=10931"},{"taxonomy":"product_cat","embeddable":true,"href":"https:\/\/www.galerie-scrapbooking.com\/en\/wp-json\/wp\/v2\/product_cat?post=10931"},{"taxonomy":"product_tag","embeddable":true,"href":"https:\/\/www.galerie-scrapbooking.com\/en\/wp-json\/wp\/v2\/product_tag?post=10931"}],"curies":[{"name":"wp","href":"https:\/\/api.w.org\/{rel}","templated":true}]}}