{"id":10919,"date":"2022-08-31T18:30:06","date_gmt":"2022-08-31T18:30:06","guid":{"rendered":"https:\/\/commparlimage.ca\/garage\/herazz\/?product=carta-bella-dies-trio-detiquettes-de-noel"},"modified":"2024-02-22T21:28:30","modified_gmt":"2024-02-23T02:28:30","slug":"carta-bella-dies-trio-d-etiquettes-de-noel","status":"publish","type":"product","link":"https:\/\/www.galerie-scrapbooking.com\/en\/produit\/carta-bella-dies-trio-d-etiquettes-de-noel\/","title":{"rendered":"Carta Bella Dies Trio d&#8217;\u00e9tiquettes de  No\u00ebl"},"content":{"rendered":"<p>Cesrics de d\u00e9coupes Carta Bella vous permet de faire de jolis flocons de neige.<\/p>\n<p>Dimensions approximatives:<\/p>\n<p>1.2 x 2.25 pouces<\/p>\n","protected":false},"excerpt":{"rendered":"<p>Carta Bella Dies &#8211; Holiday Tags Trio<\/p>\n","protected":false},"featured_media":10920,"template":"","meta":{"_acf_changed":false},"product_brand":[],"product_cat":[182],"product_tag":[],"class_list":{"0":"post-10919","1":"product","2":"type-product","3":"status-publish","4":"has-post-thumbnail","6":"product_cat-decoupes-autres-scrapbooking","7":"pa_brand_nc-carta-bella","9":"first","10":"instock","11":"taxable","12":"shipping-taxable","13":"purchasable","14":"product-type-simple"},"acf":[],"aioseo_notices":[],"_links":{"self":[{"href":"https:\/\/www.galerie-scrapbooking.com\/en\/wp-json\/wp\/v2\/product\/10919","targetHints":{"allow":["GET"]}}],"collection":[{"href":"https:\/\/www.galerie-scrapbooking.com\/en\/wp-json\/wp\/v2\/product"}],"about":[{"href":"https:\/\/www.galerie-scrapbooking.com\/en\/wp-json\/wp\/v2\/types\/product"}],"wp:featuredmedia":[{"embeddable":true,"href":"https:\/\/www.galerie-scrapbooking.com\/en\/wp-json\/wp\/v2\/media\/10920"}],"wp:attachment":[{"href":"https:\/\/www.galerie-scrapbooking.com\/en\/wp-json\/wp\/v2\/media?parent=10919"}],"wp:term":[{"taxonomy":"product_brand","embeddable":true,"href":"https:\/\/www.galerie-scrapbooking.com\/en\/wp-json\/wp\/v2\/product_brand?post=10919"},{"taxonomy":"product_cat","embeddable":true,"href":"https:\/\/www.galerie-scrapbooking.com\/en\/wp-json\/wp\/v2\/product_cat?post=10919"},{"taxonomy":"product_tag","embeddable":true,"href":"https:\/\/www.galerie-scrapbooking.com\/en\/wp-json\/wp\/v2\/product_tag?post=10919"}],"curies":[{"name":"wp","href":"https:\/\/api.w.org\/{rel}","templated":true}]}}