{"id":10915,"date":"2022-08-31T18:17:27","date_gmt":"2022-08-31T18:17:27","guid":{"rendered":"https:\/\/commparlimage.ca\/garage\/herazz\/?product=carta-bella-masque-6-x-6-pouces-noel-blanc-2"},"modified":"2024-08-16T16:18:14","modified_gmt":"2024-08-16T20:18:14","slug":"carta-bella-masque-6-x-6-pouces-noel-blanc-2","status":"publish","type":"product","link":"https:\/\/www.galerie-scrapbooking.com\/en\/produit\/carta-bella-masque-6-x-6-pouces-noel-blanc-2\/","title":{"rendered":"Carta Bella Masque 6 X 6 pouces No\u00ebl Blanc 2"},"content":{"rendered":"<p>Masque (stencil, pochoir) de Carta Bella<\/p>\n<p>Parfaits pour utiliser avec le Glimmer Mist, p\u00e2te \u00e0 embosser ou tout autre m\u00e9dium, pour vos cartes de scrapbooking<\/p>\n<p>Grandeur: 6 X 6 pouces<\/p>\n<p>&nbsp;<\/p>\n","protected":false},"excerpt":{"rendered":"<p>Carta Bella Stencil 6&#8243;X6&#8243; &#8211; Days, White Christmas<\/p>\n","protected":false},"featured_media":10916,"template":"","meta":{"_acf_changed":false},"product_brand":[],"product_cat":[105,358],"product_tag":[],"class_list":{"0":"post-10915","1":"product","2":"type-product","3":"status-publish","4":"has-post-thumbnail","6":"product_cat-masques-scrapbooking","7":"product_cat-stencil-carta-bella","8":"pa_brand_nc-carta-bella","10":"first","11":"instock","12":"taxable","13":"shipping-taxable","14":"purchasable","15":"product-type-simple"},"acf":[],"aioseo_notices":[],"_links":{"self":[{"href":"https:\/\/www.galerie-scrapbooking.com\/en\/wp-json\/wp\/v2\/product\/10915","targetHints":{"allow":["GET"]}}],"collection":[{"href":"https:\/\/www.galerie-scrapbooking.com\/en\/wp-json\/wp\/v2\/product"}],"about":[{"href":"https:\/\/www.galerie-scrapbooking.com\/en\/wp-json\/wp\/v2\/types\/product"}],"wp:featuredmedia":[{"embeddable":true,"href":"https:\/\/www.galerie-scrapbooking.com\/en\/wp-json\/wp\/v2\/media\/10916"}],"wp:attachment":[{"href":"https:\/\/www.galerie-scrapbooking.com\/en\/wp-json\/wp\/v2\/media?parent=10915"}],"wp:term":[{"taxonomy":"product_brand","embeddable":true,"href":"https:\/\/www.galerie-scrapbooking.com\/en\/wp-json\/wp\/v2\/product_brand?post=10915"},{"taxonomy":"product_cat","embeddable":true,"href":"https:\/\/www.galerie-scrapbooking.com\/en\/wp-json\/wp\/v2\/product_cat?post=10915"},{"taxonomy":"product_tag","embeddable":true,"href":"https:\/\/www.galerie-scrapbooking.com\/en\/wp-json\/wp\/v2\/product_tag?post=10915"}],"curies":[{"name":"wp","href":"https:\/\/api.w.org\/{rel}","templated":true}]}}