{"id":10848,"date":"2022-08-08T21:27:16","date_gmt":"2022-08-08T21:27:16","guid":{"rendered":"https:\/\/commparlimage.ca\/garage\/herazz\/?product=lavinia-brosse-pour-stencil-14-pouce-serie-3"},"modified":"2026-04-30T09:53:09","modified_gmt":"2026-04-30T13:53:09","slug":"lavinia-brosse-pour-stencil-1-4-pouce-serie-3","status":"publish","type":"product","link":"https:\/\/www.galerie-scrapbooking.com\/en\/produit\/lavinia-brosse-pour-stencil-1-4-pouce-serie-3\/","title":{"rendered":"Lavinia Brosse pour Stencil 1\/4 pouce S\u00e9rie 3"},"content":{"rendered":"<h1>Lavinia Brosse pour Stencil 1\/4 pouce S\u00e9rie 3<\/h1>\n<p>Pinceau \u00e0 pochoir sup\u00e9rieur de Lavinia.<\/p>\n<p>Fabriqu\u00e9 selon les normes les plus \u00e9lev\u00e9es \u00e0 l&#8217;aide de poils synth\u00e9tiques blancs, ce pinceau de 1\/4 de pouce est dot\u00e9 de pointes multi-diam\u00e8tres pour garantir la r\u00e9sistance et la douceur d&#8217;un poil naturel.<\/p>\n","protected":false},"excerpt":{"rendered":"<p>Lavinia Stencil Brush 1\/4 inch<\/p>\n","protected":false},"featured_media":10849,"template":"","meta":{"_acf_changed":false},"product_brand":[],"product_cat":[115,246,132],"product_tag":[],"class_list":{"0":"post-10848","1":"product","2":"type-product","3":"status-publish","4":"has-post-thumbnail","6":"product_cat-encres-accessoires","7":"product_cat-masques-scrapbooking-autres","8":"product_cat-outils-accessoires-autres","9":"pa_brand_nc-lavinia","11":"first","12":"instock","13":"taxable","14":"shipping-taxable","15":"purchasable","16":"product-type-simple"},"acf":[],"aioseo_notices":[],"_links":{"self":[{"href":"https:\/\/www.galerie-scrapbooking.com\/en\/wp-json\/wp\/v2\/product\/10848","targetHints":{"allow":["GET"]}}],"collection":[{"href":"https:\/\/www.galerie-scrapbooking.com\/en\/wp-json\/wp\/v2\/product"}],"about":[{"href":"https:\/\/www.galerie-scrapbooking.com\/en\/wp-json\/wp\/v2\/types\/product"}],"wp:featuredmedia":[{"embeddable":true,"href":"https:\/\/www.galerie-scrapbooking.com\/en\/wp-json\/wp\/v2\/media\/10849"}],"wp:attachment":[{"href":"https:\/\/www.galerie-scrapbooking.com\/en\/wp-json\/wp\/v2\/media?parent=10848"}],"wp:term":[{"taxonomy":"product_brand","embeddable":true,"href":"https:\/\/www.galerie-scrapbooking.com\/en\/wp-json\/wp\/v2\/product_brand?post=10848"},{"taxonomy":"product_cat","embeddable":true,"href":"https:\/\/www.galerie-scrapbooking.com\/en\/wp-json\/wp\/v2\/product_cat?post=10848"},{"taxonomy":"product_tag","embeddable":true,"href":"https:\/\/www.galerie-scrapbooking.com\/en\/wp-json\/wp\/v2\/product_tag?post=10848"}],"curies":[{"name":"wp","href":"https:\/\/api.w.org\/{rel}","templated":true}]}}