{"id":10737,"date":"2022-07-05T17:38:18","date_gmt":"2022-07-05T17:38:18","guid":{"rendered":"https:\/\/commparlimage.ca\/garage\/herazz\/?product=stickles-pacific-coast"},"modified":"2026-04-09T12:38:31","modified_gmt":"2026-04-09T16:38:31","slug":"stickles-pacific-coast","status":"publish","type":"product","link":"https:\/\/www.galerie-scrapbooking.com\/en\/produit\/stickles-pacific-coast\/","title":{"rendered":"Stickles Pacific Coast"},"content":{"rendered":"<h1>Stickles Pacific Coast<\/h1>\n<p>Embellissez les travaux manuels en papier et les projets de tampons en caoutchouc avec des couleurs scintillantes brillantes sans le d\u00e9sordre de travailler avec des paillettes et de la colle.<\/p>\n<p>Les bouteilles faciles \u00e0 presser sont dot\u00e9es d&#8217;une pointe fine \u00e0 d\u00e9bit continu, parfaites pour le travail de lettrage et de d\u00e9tail.<\/p>\n<p>Toutes les couleurs disposent d&#8217;une base de s\u00e9chage transparente<\/p>\n<p>Bouteille de 0.5 once \u00a018 ml.<\/p>\n","protected":false},"excerpt":{"rendered":"<p>Stickles Glitter Glue .5oz<\/p>\n","protected":false},"featured_media":10738,"template":"","meta":{"_acf_changed":false},"product_brand":[],"product_cat":[37],"product_tag":[],"class_list":{"0":"post-10737","1":"product","2":"type-product","3":"status-publish","4":"has-post-thumbnail","6":"product_cat-stickles-scrapbooking","7":"pa_brand_nc-ranger","9":"first","10":"instock","11":"taxable","12":"shipping-taxable","13":"purchasable","14":"product-type-simple"},"acf":[],"aioseo_notices":[],"_links":{"self":[{"href":"https:\/\/www.galerie-scrapbooking.com\/en\/wp-json\/wp\/v2\/product\/10737","targetHints":{"allow":["GET"]}}],"collection":[{"href":"https:\/\/www.galerie-scrapbooking.com\/en\/wp-json\/wp\/v2\/product"}],"about":[{"href":"https:\/\/www.galerie-scrapbooking.com\/en\/wp-json\/wp\/v2\/types\/product"}],"wp:featuredmedia":[{"embeddable":true,"href":"https:\/\/www.galerie-scrapbooking.com\/en\/wp-json\/wp\/v2\/media\/10738"}],"wp:attachment":[{"href":"https:\/\/www.galerie-scrapbooking.com\/en\/wp-json\/wp\/v2\/media?parent=10737"}],"wp:term":[{"taxonomy":"product_brand","embeddable":true,"href":"https:\/\/www.galerie-scrapbooking.com\/en\/wp-json\/wp\/v2\/product_brand?post=10737"},{"taxonomy":"product_cat","embeddable":true,"href":"https:\/\/www.galerie-scrapbooking.com\/en\/wp-json\/wp\/v2\/product_cat?post=10737"},{"taxonomy":"product_tag","embeddable":true,"href":"https:\/\/www.galerie-scrapbooking.com\/en\/wp-json\/wp\/v2\/product_tag?post=10737"}],"curies":[{"name":"wp","href":"https:\/\/api.w.org\/{rel}","templated":true}]}}