{"id":10733,"date":"2022-07-05T17:31:30","date_gmt":"2022-07-05T17:31:30","guid":{"rendered":"https:\/\/commparlimage.ca\/garage\/herazz\/?product=liquid-pearl-succulent"},"modified":"2026-02-05T13:12:27","modified_gmt":"2026-02-05T18:12:27","slug":"liquid-pearl-succulent","status":"publish","type":"product","link":"https:\/\/www.galerie-scrapbooking.com\/en\/produit\/liquid-pearl-succulent\/","title":{"rendered":"Liquid Pearl Succulent"},"content":{"rendered":"<h1>Liquid Pearl Succulent<\/h1>\n<p>Les perles liquides sont une peinture nacr\u00e9e polyvalente et dimensionnelle qui s\u00e8che en permanence lorsqu&#8217;elle est utilis\u00e9e sur du papier et du tissu.<\/p>\n<p>Utilisez la pointe Easy Flow pour une application pr\u00e9cise et pour cr\u00e9er facilement des accents nacr\u00e9s.<\/p>\n<p>C&#8217;est une colle, une d\u00e9coration dimensionnelle et une peinture nacr\u00e9e tout en un !<\/p>\n<p>Peignez avec un pinceau ou utilisez la pointe fine pour l&#8217;application. Bouteille facile \u00e0 presser<\/p>\n<p>Bouteille de 0.5 oz \/ 18 ml.<\/p>\n","protected":false},"excerpt":{"rendered":"<p>Liquid Pearls Dimensional Pearlescent Paint 0.5oz<\/p>\n","protected":false},"featured_media":10734,"template":"","meta":{"_acf_changed":false},"product_brand":[],"product_cat":[42],"product_tag":[],"class_list":{"0":"post-10733","1":"product","2":"type-product","3":"status-publish","4":"has-post-thumbnail","6":"product_cat-liquid-pearl","7":"pa_brand_nc-ranger","9":"first","10":"instock","11":"taxable","12":"shipping-taxable","13":"purchasable","14":"product-type-simple"},"acf":[],"aioseo_notices":[],"_links":{"self":[{"href":"https:\/\/www.galerie-scrapbooking.com\/en\/wp-json\/wp\/v2\/product\/10733","targetHints":{"allow":["GET"]}}],"collection":[{"href":"https:\/\/www.galerie-scrapbooking.com\/en\/wp-json\/wp\/v2\/product"}],"about":[{"href":"https:\/\/www.galerie-scrapbooking.com\/en\/wp-json\/wp\/v2\/types\/product"}],"wp:featuredmedia":[{"embeddable":true,"href":"https:\/\/www.galerie-scrapbooking.com\/en\/wp-json\/wp\/v2\/media\/10734"}],"wp:attachment":[{"href":"https:\/\/www.galerie-scrapbooking.com\/en\/wp-json\/wp\/v2\/media?parent=10733"}],"wp:term":[{"taxonomy":"product_brand","embeddable":true,"href":"https:\/\/www.galerie-scrapbooking.com\/en\/wp-json\/wp\/v2\/product_brand?post=10733"},{"taxonomy":"product_cat","embeddable":true,"href":"https:\/\/www.galerie-scrapbooking.com\/en\/wp-json\/wp\/v2\/product_cat?post=10733"},{"taxonomy":"product_tag","embeddable":true,"href":"https:\/\/www.galerie-scrapbooking.com\/en\/wp-json\/wp\/v2\/product_tag?post=10733"}],"curies":[{"name":"wp","href":"https:\/\/api.w.org\/{rel}","templated":true}]}}