{"id":10725,"date":"2022-06-28T13:05:56","date_gmt":"2022-06-28T13:05:56","guid":{"rendered":"https:\/\/commparlimage.ca\/garage\/herazz\/?product=tim-holtz-etampe-elements-botaniques"},"modified":"2024-11-20T11:54:39","modified_gmt":"2024-11-20T16:54:39","slug":"tim-holtz-etampe-elements-botaniques","status":"publish","type":"product","link":"https:\/\/www.galerie-scrapbooking.com\/en\/produit\/tim-holtz-etampe-elements-botaniques\/","title":{"rendered":"Tim Holtz \u00c9tampe \u00c9l\u00e9ments Botaniques"},"content":{"rendered":"<h1>Tim Holtz \u00c9tampe \u00c9l\u00e9ments Botaniques<\/h1>\n<p><strong>\u00c9tampes Tim Holtz<\/strong>, id\u00e9ales pour la r\u00e9alisation de cartes de souhaits!<\/p>\n<p>Viennent sur une page acrylique qui s&#8217;ins\u00e8re dans l&#8217;album de rangement pour \u00e9tampes.<\/p>\n<p>Grandeur approximative: 7.0 x 8.5 pouces<\/p>\n","protected":false},"excerpt":{"rendered":"<p>Tim Holtz Cling Stamps 7&#8243;X8.5&#8243; &#8211; Botanic Elements<\/p>\n","protected":false},"featured_media":10726,"template":"","meta":{"_acf_changed":false},"product_brand":[],"product_cat":[122],"product_tag":[],"class_list":{"0":"post-10725","1":"product","2":"type-product","3":"status-publish","4":"has-post-thumbnail","6":"product_cat-etampes-tim-holtz","7":"pa_brand_nc-tim-holtz","9":"first","10":"instock","11":"taxable","12":"shipping-taxable","13":"purchasable","14":"product-type-simple"},"acf":[],"aioseo_notices":[],"_links":{"self":[{"href":"https:\/\/www.galerie-scrapbooking.com\/en\/wp-json\/wp\/v2\/product\/10725","targetHints":{"allow":["GET"]}}],"collection":[{"href":"https:\/\/www.galerie-scrapbooking.com\/en\/wp-json\/wp\/v2\/product"}],"about":[{"href":"https:\/\/www.galerie-scrapbooking.com\/en\/wp-json\/wp\/v2\/types\/product"}],"wp:featuredmedia":[{"embeddable":true,"href":"https:\/\/www.galerie-scrapbooking.com\/en\/wp-json\/wp\/v2\/media\/10726"}],"wp:attachment":[{"href":"https:\/\/www.galerie-scrapbooking.com\/en\/wp-json\/wp\/v2\/media?parent=10725"}],"wp:term":[{"taxonomy":"product_brand","embeddable":true,"href":"https:\/\/www.galerie-scrapbooking.com\/en\/wp-json\/wp\/v2\/product_brand?post=10725"},{"taxonomy":"product_cat","embeddable":true,"href":"https:\/\/www.galerie-scrapbooking.com\/en\/wp-json\/wp\/v2\/product_cat?post=10725"},{"taxonomy":"product_tag","embeddable":true,"href":"https:\/\/www.galerie-scrapbooking.com\/en\/wp-json\/wp\/v2\/product_tag?post=10725"}],"curies":[{"name":"wp","href":"https:\/\/api.w.org\/{rel}","templated":true}]}}