{"id":10695,"date":"2022-06-21T19:39:13","date_gmt":"2022-06-21T19:39:13","guid":{"rendered":"https:\/\/commparlimage.ca\/garage\/herazz\/?product=tim-holtz-element-stencils-mecanique"},"modified":"2023-09-19T18:10:48","modified_gmt":"2023-09-19T18:10:48","slug":"tim-holtz-element-stencils-mecanique","status":"publish","type":"product","link":"https:\/\/www.galerie-scrapbooking.com\/en\/produit\/tim-holtz-element-stencils-mecanique\/","title":{"rendered":"Tim Holtz \u00c9l\u00e9ment Stencils M\u00e9canique"},"content":{"rendered":"<p>Ajoutez de la dimension &agrave; un projet en utilisant des variations de couleurs ou des couleurs diff&eacute;rentes dans l&#8217;univers des pochoirs.<\/p>\n<p>Utilisez les pochoirs avec une vari&eacute;t&eacute; de m&eacute;diums pour ajouter de la texture.<\/p>\n<p>Parfait pour les revues d&#8217;art, la fabrication de cartes, les supports mixed m&eacute;dias et et autres projets.<\/p>\n<p>Ce paquet contient 12 pochoirs assortis.<\/p>\n<p>Dimensions approximatives; 2.375&#8243; x 4.74&#8243;<\/p>\n","protected":false},"excerpt":{"rendered":"<p>Tim Holtz Element Stencils 12\/Pkg &#8211; Mechanical<\/p>\n","protected":false},"featured_media":10696,"template":"","meta":{"_acf_changed":false},"product_brand":[],"product_cat":[105,245],"product_tag":[],"class_list":{"0":"post-10695","1":"product","2":"type-product","3":"status-publish","4":"has-post-thumbnail","6":"product_cat-masques-scrapbooking","7":"product_cat-stencils-masques-tim-holtz","8":"pa_brand_nc-tim-holtz","10":"first","11":"instock","12":"taxable","13":"shipping-taxable","14":"purchasable","15":"product-type-simple"},"acf":[],"aioseo_notices":[],"_links":{"self":[{"href":"https:\/\/www.galerie-scrapbooking.com\/en\/wp-json\/wp\/v2\/product\/10695","targetHints":{"allow":["GET"]}}],"collection":[{"href":"https:\/\/www.galerie-scrapbooking.com\/en\/wp-json\/wp\/v2\/product"}],"about":[{"href":"https:\/\/www.galerie-scrapbooking.com\/en\/wp-json\/wp\/v2\/types\/product"}],"wp:featuredmedia":[{"embeddable":true,"href":"https:\/\/www.galerie-scrapbooking.com\/en\/wp-json\/wp\/v2\/media\/10696"}],"wp:attachment":[{"href":"https:\/\/www.galerie-scrapbooking.com\/en\/wp-json\/wp\/v2\/media?parent=10695"}],"wp:term":[{"taxonomy":"product_brand","embeddable":true,"href":"https:\/\/www.galerie-scrapbooking.com\/en\/wp-json\/wp\/v2\/product_brand?post=10695"},{"taxonomy":"product_cat","embeddable":true,"href":"https:\/\/www.galerie-scrapbooking.com\/en\/wp-json\/wp\/v2\/product_cat?post=10695"},{"taxonomy":"product_tag","embeddable":true,"href":"https:\/\/www.galerie-scrapbooking.com\/en\/wp-json\/wp\/v2\/product_tag?post=10695"}],"curies":[{"name":"wp","href":"https:\/\/api.w.org\/{rel}","templated":true}]}}