{"id":10673,"date":"2022-06-14T13:21:41","date_gmt":"2022-06-14T13:21:41","guid":{"rendered":"https:\/\/commparlimage.ca\/garage\/herazz\/?product=spellbinders-platinum-mylar-shim-2"},"modified":"2025-01-20T14:57:43","modified_gmt":"2025-01-20T19:57:43","slug":"spellbinders-platinum-mylar-shim-2","status":"publish","type":"product","link":"https:\/\/www.galerie-scrapbooking.com\/en\/produit\/spellbinders-platinum-mylar-shim-2\/","title":{"rendered":"Spellbinders Platinum Mylar Shim (2)"},"content":{"rendered":"<h1>Spellbinders Platinum Mylar Shim<\/h1>\n<p>Les cales Mylar sont livr\u00e9es dans un ensemble de deux fines plaques blanches. Ils sont con\u00e7us pour \u00eatre utilis\u00e9s avec les machines de d\u00e9coupe Spellbinders\u00ae Platinum\u2122 \u00ae et Platinum 6\u2122 \u00ae.<\/p>\n<p>Les plaques aident \u00e0 d\u00e9couper des matrices de d\u00e9coupe m\u00e9talliques minces et les plaques d&#8217;embossage en remplissant un espace dans les couches d&#8217;un sandwich de d\u00e9coupe ou de gaufrage ou pour \u00eatre \u00e0 niveau, si n\u00e9cessaire.<\/p>\n<p>Taille approximative : cales en mylar (2 pi\u00e8ces) : 9,625 x 6,0625 pouces &#8211; 24,45 x 15,40 cm<\/p>\n","protected":false},"excerpt":{"rendered":"<p>Mylar Shim (F) White 2-Pack<\/p>\n","protected":false},"featured_media":10674,"template":"","meta":{"_acf_changed":false},"product_brand":[],"product_cat":[262,198,316,86],"product_tag":[],"class_list":{"0":"post-10673","1":"product","2":"type-product","3":"status-publish","4":"has-post-thumbnail","6":"product_cat-machine-decoupes","7":"product_cat-grand-calibur-spellbinders","8":"product_cat-outil-platinum","9":"product_cat-spellbinders","10":"pa_brand_nc-spellbinders","12":"first","13":"instock","14":"taxable","15":"shipping-taxable","16":"purchasable","17":"product-type-simple"},"acf":[],"aioseo_notices":[],"_links":{"self":[{"href":"https:\/\/www.galerie-scrapbooking.com\/en\/wp-json\/wp\/v2\/product\/10673","targetHints":{"allow":["GET"]}}],"collection":[{"href":"https:\/\/www.galerie-scrapbooking.com\/en\/wp-json\/wp\/v2\/product"}],"about":[{"href":"https:\/\/www.galerie-scrapbooking.com\/en\/wp-json\/wp\/v2\/types\/product"}],"wp:featuredmedia":[{"embeddable":true,"href":"https:\/\/www.galerie-scrapbooking.com\/en\/wp-json\/wp\/v2\/media\/10674"}],"wp:attachment":[{"href":"https:\/\/www.galerie-scrapbooking.com\/en\/wp-json\/wp\/v2\/media?parent=10673"}],"wp:term":[{"taxonomy":"product_brand","embeddable":true,"href":"https:\/\/www.galerie-scrapbooking.com\/en\/wp-json\/wp\/v2\/product_brand?post=10673"},{"taxonomy":"product_cat","embeddable":true,"href":"https:\/\/www.galerie-scrapbooking.com\/en\/wp-json\/wp\/v2\/product_cat?post=10673"},{"taxonomy":"product_tag","embeddable":true,"href":"https:\/\/www.galerie-scrapbooking.com\/en\/wp-json\/wp\/v2\/product_tag?post=10673"}],"curies":[{"name":"wp","href":"https:\/\/api.w.org\/{rel}","templated":true}]}}