{"id":10642,"date":"2022-05-25T13:53:49","date_gmt":"2022-05-25T13:53:49","guid":{"rendered":"https:\/\/commparlimage.ca\/garage\/herazz\/?product=sizzix-cutting-pads-pour-big-shot-switch-plus-2"},"modified":"2026-04-20T15:54:27","modified_gmt":"2026-04-20T19:54:27","slug":"sizzix-cutting-pads-pour-big-shot-switch-plus-2","status":"publish","type":"product","link":"https:\/\/www.galerie-scrapbooking.com\/en\/produit\/sizzix-cutting-pads-pour-big-shot-switch-plus-2\/","title":{"rendered":"Sizzix Cutting Pads pour Big Shot Switch Plus (2)"},"content":{"rendered":"<h1>Sizzix Cutting Pads pour Big Shot Switch Plus<\/h1>\n<p>Cette paire de Cutting Pads a \u00e9t\u00e9 sp\u00e9cialement con\u00e7ue pour \u00eatre utilis\u00e9e avec le Big Shot Switch Plus.<\/p>\n<p>Fabriqu\u00e9s en plastique polycarbonate de haute qualit\u00e9, ces plaques de coupe transparents permettent de couper facilement dans la machine Big Shot Switch Plus.<\/p>\n<p>Les plaques mesurent environ 9 x 12 pouces chacune.<\/p>\n","protected":false},"excerpt":{"rendered":"<p>Sizzix Big Shot Switch Plus Cutting Pads 1 Pair<\/p>\n","protected":false},"featured_media":10643,"template":"","meta":{"_acf_changed":false},"product_brand":[],"product_cat":[231,262,408,87],"product_tag":[],"class_list":{"0":"post-10642","1":"product","2":"type-product","3":"status-publish","4":"has-post-thumbnail","6":"product_cat-sizzix-accessoires","7":"product_cat-machine-decoupes","8":"product_cat-sizzix-bigshot-switch-plus","9":"product_cat-sizzix","10":"pa_brand_nc-sizzix","12":"first","13":"instock","14":"taxable","15":"shipping-taxable","16":"purchasable","17":"product-type-simple"},"acf":[],"aioseo_notices":[],"_links":{"self":[{"href":"https:\/\/www.galerie-scrapbooking.com\/en\/wp-json\/wp\/v2\/product\/10642","targetHints":{"allow":["GET"]}}],"collection":[{"href":"https:\/\/www.galerie-scrapbooking.com\/en\/wp-json\/wp\/v2\/product"}],"about":[{"href":"https:\/\/www.galerie-scrapbooking.com\/en\/wp-json\/wp\/v2\/types\/product"}],"wp:featuredmedia":[{"embeddable":true,"href":"https:\/\/www.galerie-scrapbooking.com\/en\/wp-json\/wp\/v2\/media\/10643"}],"wp:attachment":[{"href":"https:\/\/www.galerie-scrapbooking.com\/en\/wp-json\/wp\/v2\/media?parent=10642"}],"wp:term":[{"taxonomy":"product_brand","embeddable":true,"href":"https:\/\/www.galerie-scrapbooking.com\/en\/wp-json\/wp\/v2\/product_brand?post=10642"},{"taxonomy":"product_cat","embeddable":true,"href":"https:\/\/www.galerie-scrapbooking.com\/en\/wp-json\/wp\/v2\/product_cat?post=10642"},{"taxonomy":"product_tag","embeddable":true,"href":"https:\/\/www.galerie-scrapbooking.com\/en\/wp-json\/wp\/v2\/product_tag?post=10642"}],"curies":[{"name":"wp","href":"https:\/\/api.w.org\/{rel}","templated":true}]}}