{"id":10621,"date":"2022-05-10T01:13:21","date_gmt":"2022-05-10T01:13:21","guid":{"rendered":"https:\/\/commparlimage.ca\/garage\/herazz\/?product=poudre-embossage-brillant-dans-le-noir"},"modified":"2026-04-20T14:46:11","modified_gmt":"2026-04-20T18:46:11","slug":"poudre-embossage-brillant-dans-le-noir","status":"publish","type":"product","link":"https:\/\/www.galerie-scrapbooking.com\/en\/produit\/poudre-embossage-brillant-dans-le-noir\/","title":{"rendered":"Poudre embossage Brillant dans le Noir"},"content":{"rendered":"<p>Ajoutez de la couleur, de la dimension et de la texture aux travaux de scrapbooking, mixed m\u00e9dia et aux projets de lettrage \u00e0 la main avec la poudre \u00e0 embosser Ranger.<\/p>\n<p>Poudre Fluorescente<\/p>\n<p>Pot de 0.67 oz. &#8211; 19 gr.<\/p>\n","protected":false},"excerpt":{"rendered":"<p>Ranger Embossing Powder &#8211; Glow Up<\/p>\n","protected":false},"featured_media":10622,"template":"","meta":{"_acf_changed":false},"product_brand":[],"product_cat":[112,308],"product_tag":[],"class_list":{"0":"post-10621","1":"product","2":"type-product","3":"status-publish","4":"has-post-thumbnail","6":"product_cat-poudre-embossage","7":"product_cat-poudre-embossage-ranger","8":"pa_brand_nc-ranger","10":"first","11":"instock","12":"taxable","13":"shipping-taxable","14":"purchasable","15":"product-type-simple"},"acf":[],"aioseo_notices":[],"_links":{"self":[{"href":"https:\/\/www.galerie-scrapbooking.com\/en\/wp-json\/wp\/v2\/product\/10621","targetHints":{"allow":["GET"]}}],"collection":[{"href":"https:\/\/www.galerie-scrapbooking.com\/en\/wp-json\/wp\/v2\/product"}],"about":[{"href":"https:\/\/www.galerie-scrapbooking.com\/en\/wp-json\/wp\/v2\/types\/product"}],"wp:featuredmedia":[{"embeddable":true,"href":"https:\/\/www.galerie-scrapbooking.com\/en\/wp-json\/wp\/v2\/media\/10622"}],"wp:attachment":[{"href":"https:\/\/www.galerie-scrapbooking.com\/en\/wp-json\/wp\/v2\/media?parent=10621"}],"wp:term":[{"taxonomy":"product_brand","embeddable":true,"href":"https:\/\/www.galerie-scrapbooking.com\/en\/wp-json\/wp\/v2\/product_brand?post=10621"},{"taxonomy":"product_cat","embeddable":true,"href":"https:\/\/www.galerie-scrapbooking.com\/en\/wp-json\/wp\/v2\/product_cat?post=10621"},{"taxonomy":"product_tag","embeddable":true,"href":"https:\/\/www.galerie-scrapbooking.com\/en\/wp-json\/wp\/v2\/product_tag?post=10621"}],"curies":[{"name":"wp","href":"https:\/\/api.w.org\/{rel}","templated":true}]}}