{"id":10605,"date":"2022-05-04T11:36:03","date_gmt":"2022-05-04T11:36:03","guid":{"rendered":"https:\/\/commparlimage.ca\/garage\/herazz\/?product=posca-marqueur-pointe-extra-fine-blanc"},"modified":"2026-04-21T09:26:40","modified_gmt":"2026-04-21T13:26:40","slug":"posca-marqueur-pointe-extra-fine-blanc","status":"publish","type":"product","link":"https:\/\/www.galerie-scrapbooking.com\/en\/produit\/posca-marqueur-pointe-extra-fine-blanc\/","title":{"rendered":"POSCA Marqueur Pointe Extra-Fine Blanc"},"content":{"rendered":"<h1>POSCA Marqueur Pointe Extra-Fine Blanc<\/h1>\n<p>Les marqueurs de peinture POSCA non toxiques \u00e0 base d&#8217;eau peuvent \u00eatre utilis\u00e9s sur presque toutes les surfaces et sont appr\u00e9ci\u00e9s des professionnels, des amateurs cr\u00e9atifs et des amateurs.<\/p>\n<p>La peinture opaque sans alcool ni solvant couvre bien, se m\u00e9lange, s\u00e8che rapidement et peut \u00eatre recouverte une fois s\u00e8che<\/p>\n<p>Des d\u00e9tails:<\/p>\n<p>Disponible en plusieurs couleurs<\/p>\n<p>Pointe de 0.7 mm<\/p>\n<p>Pointe extra-fine.<\/p>\n","protected":false},"excerpt":{"rendered":"<p>POSCA 1M Extra-Fine Bullet Tip Paint Marker &#8211; White<\/p>\n","protected":false},"featured_media":10606,"template":"","meta":{"_acf_changed":false},"product_brand":[],"product_cat":[404],"product_tag":[],"class_list":{"0":"post-10605","1":"product","2":"type-product","3":"status-publish","4":"has-post-thumbnail","6":"product_cat-marqueur-posca","7":"pa_brand_nc-autres","9":"first","10":"instock","11":"taxable","12":"shipping-taxable","13":"purchasable","14":"product-type-simple"},"acf":[],"aioseo_notices":[],"_links":{"self":[{"href":"https:\/\/www.galerie-scrapbooking.com\/en\/wp-json\/wp\/v2\/product\/10605","targetHints":{"allow":["GET"]}}],"collection":[{"href":"https:\/\/www.galerie-scrapbooking.com\/en\/wp-json\/wp\/v2\/product"}],"about":[{"href":"https:\/\/www.galerie-scrapbooking.com\/en\/wp-json\/wp\/v2\/types\/product"}],"wp:featuredmedia":[{"embeddable":true,"href":"https:\/\/www.galerie-scrapbooking.com\/en\/wp-json\/wp\/v2\/media\/10606"}],"wp:attachment":[{"href":"https:\/\/www.galerie-scrapbooking.com\/en\/wp-json\/wp\/v2\/media?parent=10605"}],"wp:term":[{"taxonomy":"product_brand","embeddable":true,"href":"https:\/\/www.galerie-scrapbooking.com\/en\/wp-json\/wp\/v2\/product_brand?post=10605"},{"taxonomy":"product_cat","embeddable":true,"href":"https:\/\/www.galerie-scrapbooking.com\/en\/wp-json\/wp\/v2\/product_cat?post=10605"},{"taxonomy":"product_tag","embeddable":true,"href":"https:\/\/www.galerie-scrapbooking.com\/en\/wp-json\/wp\/v2\/product_tag?post=10605"}],"curies":[{"name":"wp","href":"https:\/\/api.w.org\/{rel}","templated":true}]}}