{"id":10587,"date":"2022-05-04T10:57:21","date_gmt":"2022-05-04T10:57:21","guid":{"rendered":"https:\/\/commparlimage.ca\/garage\/herazz\/?product=ez-runner-points-de-colle-repositionnable"},"modified":"2026-01-21T13:59:46","modified_gmt":"2026-01-21T18:59:46","slug":"ez-runner-points-de-colle-repositionnable","status":"publish","type":"product","link":"https:\/\/www.galerie-scrapbooking.com\/en\/produit\/ez-runner-points-de-colle-repositionnable\/","title":{"rendered":"EZ Runner Points de colle Repositionnable"},"content":{"rendered":"<h1>EZ Runner Points de colle Repositionnable<\/h1>\n<p>Repositionnable. E-Z Dots distribue des points d&#8217;adh\u00e9sif translucides sans acide qui se d\u00e9tachent simplement \u00e0 tout moment d&#8217;un simple glissement de doigt.<br \/>\nCe paquet contient 49 pieds de points adh\u00e9sifs.<\/p>\n","protected":false},"excerpt":{"rendered":"<p>Scrapbook Adhesives E-Z Dots Dispenser Repositionable, 0.375&#8243;X49&#8242;<\/p>\n","protected":false},"featured_media":10588,"template":"","meta":{"_acf_changed":false},"product_brand":[],"product_cat":[43],"product_tag":[],"class_list":{"0":"post-10587","1":"product","2":"type-product","3":"status-publish","4":"has-post-thumbnail","6":"product_cat-adhesifs-double-face","7":"pa_brand_nc-scrapbook-adhesive","9":"first","10":"instock","11":"taxable","12":"shipping-taxable","13":"purchasable","14":"product-type-simple"},"acf":[],"aioseo_notices":[],"_links":{"self":[{"href":"https:\/\/www.galerie-scrapbooking.com\/en\/wp-json\/wp\/v2\/product\/10587","targetHints":{"allow":["GET"]}}],"collection":[{"href":"https:\/\/www.galerie-scrapbooking.com\/en\/wp-json\/wp\/v2\/product"}],"about":[{"href":"https:\/\/www.galerie-scrapbooking.com\/en\/wp-json\/wp\/v2\/types\/product"}],"wp:featuredmedia":[{"embeddable":true,"href":"https:\/\/www.galerie-scrapbooking.com\/en\/wp-json\/wp\/v2\/media\/10588"}],"wp:attachment":[{"href":"https:\/\/www.galerie-scrapbooking.com\/en\/wp-json\/wp\/v2\/media?parent=10587"}],"wp:term":[{"taxonomy":"product_brand","embeddable":true,"href":"https:\/\/www.galerie-scrapbooking.com\/en\/wp-json\/wp\/v2\/product_brand?post=10587"},{"taxonomy":"product_cat","embeddable":true,"href":"https:\/\/www.galerie-scrapbooking.com\/en\/wp-json\/wp\/v2\/product_cat?post=10587"},{"taxonomy":"product_tag","embeddable":true,"href":"https:\/\/www.galerie-scrapbooking.com\/en\/wp-json\/wp\/v2\/product_tag?post=10587"}],"curies":[{"name":"wp","href":"https:\/\/api.w.org\/{rel}","templated":true}]}}